{"id":2017,"date":"2016-02-11T15:20:50","date_gmt":"2016-02-11T14:20:50","guid":{"rendered":"http:\/\/bugetareparticipativa.viitorul.org\/praha3\/?page_id=14"},"modified":"2019-05-02T14:03:30","modified_gmt":"2019-05-02T14:03:30","slug":"documente","status":"publish","type":"page","link":"https:\/\/bugetareparticipativa.viitorul.org\/city1\/documente\/","title":{"rendered":"Documente"},"content":{"rendered":"<p>[et_pb_section bb_built=&#8221;1&#8243; inner_width=&#8221;auto&#8221; inner_max_width=&#8221;none&#8221;][et_pb_row _builder_version=&#8221;3.22.4&#8243; z_index_tablet=&#8221;500&#8243;][et_pb_column type=&#8221;1_3&#8243;][et_pb_image _builder_version=&#8221;3.22.4&#8243; src=&#8221;http:\/\/bugetareparticipativa.viitorul.org\/city1\/wp-content\/uploads\/sites\/2\/2019\/04\/2.png&#8221; align=&#8221;center&#8221; z_index_tablet=&#8221;500&#8243; \/][et_pb_cta _builder_version=&#8221;3.22.4&#8243; text_shadow_horizontal_length=&#8221;text_shadow_style,%91object Object%93&#8243; text_shadow_vertical_length=&#8221;text_shadow_style,%91object Object%93&#8243; text_shadow_blur_strength=&#8221;text_shadow_style,%91object Object%93&#8243; header_text_shadow_horizontal_length=&#8221;header_text_shadow_style,%91object Object%93&#8243; header_text_shadow_vertical_length=&#8221;header_text_shadow_style,%91object Object%93&#8243; header_text_shadow_blur_strength=&#8221;header_text_shadow_style,%91object Object%93&#8243; body_text_shadow_horizontal_length=&#8221;body_text_shadow_style,%91object Object%93&#8243; body_text_shadow_vertical_length=&#8221;body_text_shadow_style,%91object Object%93&#8243; body_text_shadow_blur_strength=&#8221;body_text_shadow_style,%91object Object%93&#8243; button_text_shadow_horizontal_length=&#8221;button_text_shadow_style,%91object Object%93&#8243; button_text_shadow_vertical_length=&#8221;button_text_shadow_style,%91object Object%93&#8243; button_text_shadow_blur_strength=&#8221;button_text_shadow_style,%91object Object%93&#8243; z_index_tablet=&#8221;500&#8243; title=&#8221;Depune propunerea de proiect&#8221; button_text=&#8221;Descarc\u0103&#8221; \/][\/et_pb_column][et_pb_column type=&#8221;1_3&#8243;][et_pb_image _builder_version=&#8221;3.22.4&#8243; src=&#8221;http:\/\/bugetareparticipativa.viitorul.org\/city1\/wp-content\/uploads\/sites\/2\/2019\/04\/1-rules.png&#8221; align=&#8221;center&#8221; z_index_tablet=&#8221;500&#8243; \/][et_pb_cta _builder_version=&#8221;3.22.4&#8243; text_shadow_horizontal_length=&#8221;text_shadow_style,%91object Object%93&#8243; text_shadow_vertical_length=&#8221;text_shadow_style,%91object Object%93&#8243; text_shadow_blur_strength=&#8221;text_shadow_style,%91object Object%93&#8243; header_text_shadow_horizontal_length=&#8221;header_text_shadow_style,%91object Object%93&#8243; header_text_shadow_vertical_length=&#8221;header_text_shadow_style,%91object Object%93&#8243; header_text_shadow_blur_strength=&#8221;header_text_shadow_style,%91object Object%93&#8243; body_text_shadow_horizontal_length=&#8221;body_text_shadow_style,%91object Object%93&#8243; body_text_shadow_vertical_length=&#8221;body_text_shadow_style,%91object Object%93&#8243; body_text_shadow_blur_strength=&#8221;body_text_shadow_style,%91object Object%93&#8243; button_text_shadow_horizontal_length=&#8221;button_text_shadow_style,%91object Object%93&#8243; button_text_shadow_vertical_length=&#8221;button_text_shadow_style,%91object Object%93&#8243; button_text_shadow_blur_strength=&#8221;button_text_shadow_style,%91object Object%93&#8243; z_index_tablet=&#8221;500&#8243; title=&#8221;Regulile bugetului participativ&#8221; button_text=&#8221;Descarc\u0103&#8221; \/][\/et_pb_column][et_pb_column type=&#8221;1_3&#8243;][et_pb_image _builder_version=&#8221;3.22.4&#8243; src=&#8221;http:\/\/bugetareparticipativa.viitorul.org\/city1\/wp-content\/uploads\/sites\/2\/2019\/04\/3_decission-of-the-mayor.png&#8221; align=&#8221;center&#8221; z_index_tablet=&#8221;500&#8243; \/][et_pb_cta _builder_version=&#8221;3.22.4&#8243; text_shadow_horizontal_length=&#8221;text_shadow_style,%91object Object%93&#8243; text_shadow_vertical_length=&#8221;text_shadow_style,%91object Object%93&#8243; text_shadow_blur_strength=&#8221;text_shadow_style,%91object Object%93&#8243; header_text_shadow_horizontal_length=&#8221;header_text_shadow_style,%91object Object%93&#8243; header_text_shadow_vertical_length=&#8221;header_text_shadow_style,%91object Object%93&#8243; header_text_shadow_blur_strength=&#8221;header_text_shadow_style,%91object Object%93&#8243; body_text_shadow_horizontal_length=&#8221;body_text_shadow_style,%91object Object%93&#8243; body_text_shadow_vertical_length=&#8221;body_text_shadow_style,%91object Object%93&#8243; body_text_shadow_blur_strength=&#8221;body_text_shadow_style,%91object Object%93&#8243; button_text_shadow_horizontal_length=&#8221;button_text_shadow_style,%91object Object%93&#8243; button_text_shadow_vertical_length=&#8221;button_text_shadow_style,%91object Object%93&#8243; button_text_shadow_blur_strength=&#8221;button_text_shadow_style,%91object Object%93&#8243; z_index_tablet=&#8221;500&#8243; title=&#8221;Decizia Consiliului Local de adoptare a bugetului participativ&#8221; button_text=&#8221;Descarc\u0103 aici&#8221; \/][\/et_pb_column][\/et_pb_row][\/et_pb_section]<\/p>\n","protected":false},"excerpt":{"rendered":"<p>[et_pb_section bb_built=&#8221;1&#8243; inner_width=&#8221;auto&#8221; inner_max_width=&#8221;none&#8221;][et_pb_row _builder_version=&#8221;3.22.4&#8243; z_index_tablet=&#8221;500&#8243;][et_pb_column type=&#8221;1_3&#8243;][et_pb_image _builder_version=&#8221;3.22.4&#8243; src=&#8221;http:\/\/bugetareparticipativa.viitorul.org\/city1\/wp-content\/uploads\/sites\/2\/2019\/04\/2.png&#8221; align=&#8221;center&#8221; z_index_tablet=&#8221;500&#8243; \/][et_pb_cta _builder_version=&#8221;3.22.4&#8243; text_shadow_horizontal_length=&#8221;text_shadow_style,%91object Object%93&#8243; text_shadow_vertical_length=&#8221;text_shadow_style,%91object Object%93&#8243; text_shadow_blur_strength=&#8221;text_shadow_style,%91object Object%93&#8243; header_text_shadow_horizontal_length=&#8221;header_text_shadow_style,%91object Object%93&#8243; header_text_shadow_vertical_length=&#8221;header_text_shadow_style,%91object Object%93&#8243; header_text_shadow_blur_strength=&#8221;header_text_shadow_style,%91object Object%93&#8243; body_text_shadow_horizontal_length=&#8221;body_text_shadow_style,%91object Object%93&#8243; body_text_shadow_vertical_length=&#8221;body_text_shadow_style,%91object Object%93&#8243; body_text_shadow_blur_strength=&#8221;body_text_shadow_style,%91object Object%93&#8243; button_text_shadow_horizontal_length=&#8221;button_text_shadow_style,%91object Object%93&#8243; button_text_shadow_vertical_length=&#8221;button_text_shadow_style,%91object Object%93&#8243; button_text_shadow_blur_strength=&#8221;button_text_shadow_style,%91object Object%93&#8243; z_index_tablet=&#8221;500&#8243; title=&#8221;Depune propunerea de proiect&#8221; button_text=&#8221;Descarc\u0103&#8221; \/][\/et_pb_column][et_pb_column type=&#8221;1_3&#8243;][et_pb_image _builder_version=&#8221;3.22.4&#8243; src=&#8221;http:\/\/bugetareparticipativa.viitorul.org\/city1\/wp-content\/uploads\/sites\/2\/2019\/04\/1-rules.png&#8221; align=&#8221;center&#8221; z_index_tablet=&#8221;500&#8243; \/][et_pb_cta _builder_version=&#8221;3.22.4&#8243; text_shadow_horizontal_length=&#8221;text_shadow_style,%91object Object%93&#8243; text_shadow_vertical_length=&#8221;text_shadow_style,%91object Object%93&#8243; [&hellip;]<\/p>\n","protected":false},"author":1,"featured_media":0,"parent":0,"menu_order":0,"comment_status":"closed","ping_status":"closed","template":"","meta":{"_et_pb_use_builder":"on","_et_pb_old_content":"<p>\u00a0<\/p><h2>Formul\u00e1\u0159 k pod\u00e1n\u00ed n\u00e1vrhu:<\/h2><h4><span style=\"color: #0000ff;\"><a style=\"color: #0000ff;\" href=\"http:\/\/bugetareparticipativa.viitorul.org\/mesto1\/wp-content\/uploads\/sites\/2\/2016\/02\/formul\u00e1\u0159.docx\">formul\u00e1\u0159<\/a><\/span> (doc)<\/h4><h4>V\u00e1\u0161 n\u00e1vrh m\u016f\u017eete podat tak\u00e9 <span style=\"color: #0000ff;\">zde<\/span>.<\/h4><h2>Ofici\u00e1ln\u00ed dokumenty k participativn\u00edmu rozpo\u010dtu:<\/h2><h4><span style=\"color: #0000ff;\"><a style=\"color: #0000ff;\" href=\"http:\/\/bugetareparticipativa.viitorul.org\/mesto1\/wp-content\/uploads\/sites\/2\/2016\/02\/Z\u00e1sady-kone\u010dn\u00e1-verze.pdf\">Z\u00e1sady kone\u010dn\u00e1 verze<\/a><\/span>\u00a0(schv\u00e1lena usnesen\u00edm\u00a0Rady ...)<\/h4><h4>\u00a0<\/h4>"},"_links":{"self":[{"href":"https:\/\/bugetareparticipativa.viitorul.org\/city1\/wp-json\/wp\/v2\/pages\/2017"}],"collection":[{"href":"https:\/\/bugetareparticipativa.viitorul.org\/city1\/wp-json\/wp\/v2\/pages"}],"about":[{"href":"https:\/\/bugetareparticipativa.viitorul.org\/city1\/wp-json\/wp\/v2\/types\/page"}],"author":[{"embeddable":true,"href":"https:\/\/bugetareparticipativa.viitorul.org\/city1\/wp-json\/wp\/v2\/users\/1"}],"replies":[{"embeddable":true,"href":"https:\/\/bugetareparticipativa.viitorul.org\/city1\/wp-json\/wp\/v2\/comments?post=2017"}],"version-history":[{"count":7,"href":"https:\/\/bugetareparticipativa.viitorul.org\/city1\/wp-json\/wp\/v2\/pages\/2017\/revisions"}],"predecessor-version":[{"id":13949,"href":"https:\/\/bugetareparticipativa.viitorul.org\/city1\/wp-json\/wp\/v2\/pages\/2017\/revisions\/13949"}],"wp:attachment":[{"href":"https:\/\/bugetareparticipativa.viitorul.org\/city1\/wp-json\/wp\/v2\/media?parent=2017"}],"curies":[{"name":"wp","href":"https:\/\/api.w.org\/{rel}","templated":true}]}}