{"id":2023,"date":"2016-02-11T15:20:53","date_gmt":"2016-02-11T14:20:53","guid":{"rendered":"http:\/\/bugetareparticipativa.viitorul.org\/praha3\/?page_id=20"},"modified":"2019-05-02T14:35:49","modified_gmt":"2019-05-02T14:35:49","slug":"uvod","status":"publish","type":"page","link":"https:\/\/bugetareparticipativa.viitorul.org\/city1\/","title":{"rendered":"ACAS\u0102"},"content":{"rendered":"<p>[et_pb_section bb_built=&#8221;1&#8243; fullwidth=&#8221;on&#8221; _builder_version=&#8221;3.22.3&#8243; next_background_color=&#8221;#000000&#8243;][et_pb_fullwidth_slider _builder_version=&#8221;3.22.4&#8243; header_font_size=&#8221;66&#8243; background_position=&#8221;top_left&#8221; custom_padding=&#8221;|||&#8221; auto=&#8221;on&#8221; auto_speed=&#8221;3000&#8243; z_index_tablet=&#8221;500&#8243; button_text_size__hover_enabled=&#8221;off&#8221; button_text_size__hover=&#8221;null&#8221; button_one_text_size__hover_enabled=&#8221;off&#8221; button_one_text_size__hover=&#8221;null&#8221; button_two_text_size__hover_enabled=&#8221;off&#8221; button_two_text_size__hover=&#8221;null&#8221; button_text_color__hover_enabled=&#8221;off&#8221; button_text_color__hover=&#8221;null&#8221; button_one_text_color__hover_enabled=&#8221;off&#8221; button_one_text_color__hover=&#8221;null&#8221; button_two_text_color__hover_enabled=&#8221;off&#8221; button_two_text_color__hover=&#8221;null&#8221; button_border_width__hover_enabled=&#8221;off&#8221; button_border_width__hover=&#8221;null&#8221; button_one_border_width__hover_enabled=&#8221;off&#8221; button_one_border_width__hover=&#8221;null&#8221; button_two_border_width__hover_enabled=&#8221;off&#8221; button_two_border_width__hover=&#8221;null&#8221; button_border_color__hover_enabled=&#8221;off&#8221; button_border_color__hover=&#8221;null&#8221; button_one_border_color__hover_enabled=&#8221;off&#8221; button_one_border_color__hover=&#8221;null&#8221; button_two_border_color__hover_enabled=&#8221;off&#8221; button_two_border_color__hover=&#8221;null&#8221; button_border_radius__hover_enabled=&#8221;off&#8221; button_border_radius__hover=&#8221;null&#8221; button_one_border_radius__hover_enabled=&#8221;off&#8221; button_one_border_radius__hover=&#8221;null&#8221; button_two_border_radius__hover_enabled=&#8221;off&#8221; button_two_border_radius__hover=&#8221;null&#8221; button_letter_spacing__hover_enabled=&#8221;on&#8221; button_letter_spacing__hover=&#8221;0&#8243; button_one_letter_spacing__hover_enabled=&#8221;off&#8221; button_one_letter_spacing__hover=&#8221;null&#8221; button_two_letter_spacing__hover_enabled=&#8221;off&#8221; button_two_letter_spacing__hover=&#8221;null&#8221; button_bg_color__hover_enabled=&#8221;off&#8221; button_bg_color__hover=&#8221;null&#8221; button_one_bg_color__hover_enabled=&#8221;off&#8221; button_one_bg_color__hover=&#8221;null&#8221; button_two_bg_color__hover_enabled=&#8221;off&#8221; button_two_bg_color__hover=&#8221;null&#8221;][et_pb_slide heading=&#8221;Ce este un buget participativ? &#8221; button_text=&#8221;Afl\u0103 mai multe &#8221; button_link=&#8221;http:\/\/bugetareparticipativa.viitorul.org\/city1\/buget\/&#8221; use_bg_overlay=&#8221;off&#8221; use_text_overlay=&#8221;off&#8221; _builder_version=&#8221;3.22.4&#8243; header_font=&#8221;||||&#8221; body_font=&#8221;||||&#8221; background_color=&#8221;#ffffff&#8221; background_image=&#8221;http:\/\/bugetareparticipativa.viitorul.org\/city1\/wp-content\/uploads\/sites\/2\/2019\/05\/1.2.jpg&#8221; parallax=&#8221;on&#8221; button_on_hover=&#8221;on&#8221;][\/et_pb_slide][et_pb_slide heading=&#8221;Ai vreo idee cum s\u0103-\u021bi dezvol\u021bi localitatea? &#8221; button_text=&#8221;Depune un proiect &#8221; use_bg_overlay=&#8221;off&#8221; use_text_overlay=&#8221;off&#8221; _builder_version=&#8221;3.22.4&#8243; header_font=&#8221;||||&#8221; body_font=&#8221;||||&#8221; background_color=&#8221;#ffffff&#8221; background_image=&#8221;http:\/\/bugetareparticipativa.viitorul.org\/city1\/wp-content\/uploads\/sites\/2\/2019\/05\/P10_setkani-e1447940086945.jpg&#8221; parallax=&#8221;on&#8221; button_on_hover=&#8221;on&#8221;][\/et_pb_slide][et_pb_slide heading=&#8221;Votul t\u0103u decide viitorul localit\u0103\u021bii!&#8221; button_text=&#8221;Voteaz\u0103 aici&#8221; use_bg_overlay=&#8221;off&#8221; use_text_overlay=&#8221;off&#8221; _builder_version=&#8221;3.22.4&#8243; header_font=&#8221;||||&#8221; body_font=&#8221;||||&#8221; background_color=&#8221;#ffffff&#8221; background_image=&#8221;http:\/\/bugetareparticipativa.viitorul.org\/city1\/wp-content\/uploads\/sites\/2\/2019\/05\/Filmov\u00fd_festival_Fakulty_informatiky_-_Hlasov\u00e1n\u00ed_2015.jpg&#8221; parallax=&#8221;on&#8221; button_on_hover=&#8221;on&#8221;][\/et_pb_slide][\/et_pb_fullwidth_slider][\/et_pb_section][et_pb_section bb_built=&#8221;1&#8243; admin_label=&#8221;section&#8221; _builder_version=&#8221;3.22.3&#8243; prev_background_color=&#8221;#000000&#8243; next_background_color=&#8221;#000000&#8243;][et_pb_row _builder_version=&#8221;3.22.3&#8243; background_size=&#8221;initial&#8221; background_position=&#8221;top_left&#8221; background_repeat=&#8221;repeat&#8221;][et_pb_column type=&#8221;1_2&#8243;][et_pb_video src=&#8221;http:\/\/bugetareparticipativa.viitorul.org\/mesto1\/wp-content\/uploads\/sites\/2\/2016\/02\/anim_web.mp4&#8243; _builder_version=&#8221;3.19.18&#8243;]<\/p>\n<p>[\/et_pb_video][\/et_pb_column][et_pb_column type=&#8221;1_2&#8243;][et_pb_text _builder_version=&#8221;3.22.4&#8243; background_size=&#8221;initial&#8221; background_position=&#8221;top_left&#8221; background_repeat=&#8221;repeat&#8221; z_index_tablet=&#8221;500&#8243; use_border_color=&#8221;off&#8221;]<\/p>\n<div class=\"wpb_text_column wpb_content_element \">\n<div class=\"wpb_wrapper\">\n<h2>\u00a0 \u00a0 \u00a0 \u00a0 \u00a0 \u00a0 \u00a0 \u00a0 \u00a0 \u00a0 \u00a0 \u00a0 COORDONATOR LOCAL<br \/><img loading=\"lazy\" class=\" wp-image-2132 alignleft\" src=\"http:\/\/mesto1.8u.cz\/wp-content\/uploads\/2017\/05\/PARO-d\u00edvka-150x150.jpg\" alt=\"\" width=\"153\" height=\"153\" \/><\/h2>\n<\/div>\n<\/div>\n<div class=\"wpb_text_column wpb_content_element \">\n<div class=\"wpb_wrapper\">\n<p>Nume Prenume\u00a0<\/p>\n<p>Email: mmmmmm<\/p>\n<p>Telefon: 000 0000 000<\/p>\n<\/div>\n<\/div>\n<p>[\/et_pb_text][\/et_pb_column][\/et_pb_row][et_pb_row _builder_version=&#8221;3.22.3&#8243; background_size=&#8221;initial&#8221; background_position=&#8221;top_left&#8221; background_repeat=&#8221;repeat&#8221;][et_pb_column type=&#8221;4_4&#8243;][et_pb_blog fullwidth=&#8221;off&#8221; posts_number=&#8221;3&#8243; include_categories=&#8221;43&#8243; show_author=&#8221;off&#8221; show_date=&#8221;off&#8221; show_categories=&#8221;off&#8221; show_pagination=&#8221;off&#8221; _builder_version=&#8221;3.22.4&#8243; z_index_tablet=&#8221;500&#8243; use_border_color=&#8221;off&#8221;]<\/p>\n<p>[\/et_pb_blog][\/et_pb_column][\/et_pb_row][\/et_pb_section][et_pb_section bb_built=&#8221;1&#8243; admin_label=&#8221;Sekce&#8221; _builder_version=&#8221;3.22.3&#8243; prev_background_color=&#8221;#000000&#8243; locked=&#8221;off&#8221; disabled_on=&#8221;on|on|on&#8221; disabled=&#8221;on&#8221;][et_pb_row admin_label=&#8221;\u0158\u00e1dek&#8221; padding_top_1=&#8221;10px&#8221; padding_right_1=&#8221;10px&#8221; padding_bottom_1=&#8221;10px&#8221; padding_left_1=&#8221;10px&#8221; parallax_method_1=&#8221;off&#8221; background_position=&#8221;top_left&#8221; background_repeat=&#8221;repeat&#8221; background_size=&#8221;initial&#8221; width_phone=&#8221;50px&#8221; max_width_phone=&#8221;1280px&#8221; _builder_version=&#8221;3.22.4&#8243; z_index_tablet=&#8221;500&#8243; global_module=&#8221;2678&#8243;][et_pb_column type=&#8221;4_4&#8243;][et_pb_blurb admin_label=&#8221;Pasul 1&#8243; global_parent=&#8221;2678&#8243; title=&#8221;PASUL 1&#8243; text_orientation=&#8221;center&#8221; background_position=&#8221;top_left&#8221; background_repeat=&#8221;repeat&#8221; background_size=&#8221;initial&#8221; image_max_width=&#8221;none&#8221; _builder_version=&#8221;3.22.4&#8243; image=&#8221;http:\/\/bugetareparticipativa.viitorul.org\/city1\/wp-content\/uploads\/sites\/2\/2019\/05\/infog1.png&#8221; text_shadow_horizontal_length=&#8221;text_shadow_style,%91object Object%93&#8243; text_shadow_vertical_length=&#8221;text_shadow_style,%91object Object%93&#8243; text_shadow_blur_strength=&#8221;text_shadow_style,%91object Object%93&#8243; header_text_shadow_horizontal_length=&#8221;header_text_shadow_style,%91object Object%93&#8243; header_text_shadow_vertical_length=&#8221;header_text_shadow_style,%91object Object%93&#8243; header_text_shadow_blur_strength=&#8221;header_text_shadow_style,%91object Object%93&#8243; body_text_shadow_horizontal_length=&#8221;body_text_shadow_style,%91object Object%93&#8243; body_text_shadow_vertical_length=&#8221;body_text_shadow_style,%91object Object%93&#8243; body_text_shadow_blur_strength=&#8221;body_text_shadow_style,%91object Object%93&#8243; max_width_tablet=&#8221;50px&#8221; z_index_tablet=&#8221;500&#8243;]<\/p>\n<p>PRIM\u0102RIA ALOC\u0102 O PARTE DIN BUGET<\/p>\n<p>[\/et_pb_blurb][et_pb_blurb admin_label=&#8221;Pasul 2&#8243; global_parent=&#8221;2678&#8243; title=&#8221;PASUL 2&#8243; text_orientation=&#8221;center&#8221; background_position=&#8221;top_left&#8221; background_repeat=&#8221;repeat&#8221; background_size=&#8221;initial&#8221; image_max_width=&#8221;none&#8221; _builder_version=&#8221;3.22.4&#8243; image=&#8221;http:\/\/bugetareparticipativa.viitorul.org\/city1\/wp-content\/uploads\/sites\/2\/2019\/05\/infog2.png&#8221; text_shadow_horizontal_length=&#8221;text_shadow_style,%91object Object%93&#8243; text_shadow_vertical_length=&#8221;text_shadow_style,%91object Object%93&#8243; text_shadow_blur_strength=&#8221;text_shadow_style,%91object Object%93&#8243; header_text_shadow_horizontal_length=&#8221;header_text_shadow_style,%91object Object%93&#8243; header_text_shadow_vertical_length=&#8221;header_text_shadow_style,%91object Object%93&#8243; header_text_shadow_blur_strength=&#8221;header_text_shadow_style,%91object Object%93&#8243; body_text_shadow_horizontal_length=&#8221;body_text_shadow_style,%91object Object%93&#8243; body_text_shadow_vertical_length=&#8221;body_text_shadow_style,%91object Object%93&#8243; body_text_shadow_blur_strength=&#8221;body_text_shadow_style,%91object Object%93&#8243; max_width_tablet=&#8221;50px&#8221; z_index_tablet=&#8221;500&#8243;]<\/p>\n<p>CET\u0102\u0162ENII VIN CU IDEI DE \u00ceMBUN\u0102T\u0102\u0162IRE<\/p>\n<p>[\/et_pb_blurb][et_pb_blurb admin_label=&#8221;Pasul 3&#8243; global_parent=&#8221;2678&#8243; title=&#8221;PASUL 3&#8243; text_orientation=&#8221;center&#8221; background_position=&#8221;top_left&#8221; background_repeat=&#8221;repeat&#8221; background_size=&#8221;initial&#8221; image_max_width=&#8221;none&#8221; _builder_version=&#8221;3.22.4&#8243; image=&#8221;http:\/\/bugetareparticipativa.viitorul.org\/city1\/wp-content\/uploads\/sites\/2\/2019\/05\/infog-man.png&#8221; text_shadow_horizontal_length=&#8221;text_shadow_style,%91object Object%93&#8243; text_shadow_vertical_length=&#8221;text_shadow_style,%91object Object%93&#8243; text_shadow_blur_strength=&#8221;text_shadow_style,%91object Object%93&#8243; header_text_shadow_horizontal_length=&#8221;header_text_shadow_style,%91object Object%93&#8243; header_text_shadow_vertical_length=&#8221;header_text_shadow_style,%91object Object%93&#8243; header_text_shadow_blur_strength=&#8221;header_text_shadow_style,%91object Object%93&#8243; body_text_shadow_horizontal_length=&#8221;body_text_shadow_style,%91object Object%93&#8243; body_text_shadow_vertical_length=&#8221;body_text_shadow_style,%91object Object%93&#8243; body_text_shadow_blur_strength=&#8221;body_text_shadow_style,%91object Object%93&#8243; max_width_tablet=&#8221;50px&#8221; z_index_tablet=&#8221;500&#8243;]<\/p>\n<p>PROPUNERILE LE PREZINT\u0102 \u00ceN SCRIS<\/p>\n<p>\u00a0<\/p>\n<p>[\/et_pb_blurb][et_pb_blurb admin_label=&#8221;Pasul 4&#8243; global_parent=&#8221;2678&#8243; title=&#8221;PASUL 4&#8243; text_orientation=&#8221;center&#8221; background_position=&#8221;top_left&#8221; background_repeat=&#8221;repeat&#8221; background_size=&#8221;initial&#8221; image_max_width=&#8221;none&#8221; _builder_version=&#8221;3.22.4&#8243; text_shadow_horizontal_length=&#8221;text_shadow_style,%91object Object%93&#8243; text_shadow_vertical_length=&#8221;text_shadow_style,%91object Object%93&#8243; text_shadow_blur_strength=&#8221;text_shadow_style,%91object Object%93&#8243; header_text_shadow_horizontal_length=&#8221;header_text_shadow_style,%91object Object%93&#8243; header_text_shadow_vertical_length=&#8221;header_text_shadow_style,%91object Object%93&#8243; header_text_shadow_blur_strength=&#8221;header_text_shadow_style,%91object Object%93&#8243; body_text_shadow_horizontal_length=&#8221;body_text_shadow_style,%91object Object%93&#8243; body_text_shadow_vertical_length=&#8221;body_text_shadow_style,%91object Object%93&#8243; body_text_shadow_blur_strength=&#8221;body_text_shadow_style,%91object Object%93&#8243; max_width_tablet=&#8221;50px&#8221; z_index_tablet=&#8221;500&#8243; image=&#8221;http:\/\/bugetareparticipativa.viitorul.org\/city1\/wp-content\/uploads\/sites\/2\/2019\/05\/infog4.png&#8221;]<\/p>\n<p>LE DISCUT\u0102 CU VECINII<\/p>\n<p>\u00a0<\/p>\n<p>\u00a0<\/p>\n<p>[\/et_pb_blurb][et_pb_blurb admin_label=&#8221;Pasul 5&#8243; global_parent=&#8221;2678&#8243; title=&#8221;PASUL 5&#8243; text_orientation=&#8221;center&#8221; background_position=&#8221;top_left&#8221; background_repeat=&#8221;repeat&#8221; background_size=&#8221;initial&#8221; image_max_width=&#8221;none&#8221; _builder_version=&#8221;3.22.4&#8243; image=&#8221;http:\/\/bugetareparticipativa.viitorul.org\/city1\/wp-content\/uploads\/sites\/2\/2019\/05\/infog5.png&#8221; text_shadow_horizontal_length=&#8221;text_shadow_style,%91object Object%93&#8243; text_shadow_vertical_length=&#8221;text_shadow_style,%91object Object%93&#8243; text_shadow_blur_strength=&#8221;text_shadow_style,%91object Object%93&#8243; header_text_shadow_horizontal_length=&#8221;header_text_shadow_style,%91object Object%93&#8243; header_text_shadow_vertical_length=&#8221;header_text_shadow_style,%91object Object%93&#8243; header_text_shadow_blur_strength=&#8221;header_text_shadow_style,%91object Object%93&#8243; body_text_shadow_horizontal_length=&#8221;body_text_shadow_style,%91object Object%93&#8243; body_text_shadow_vertical_length=&#8221;body_text_shadow_style,%91object Object%93&#8243; body_text_shadow_blur_strength=&#8221;body_text_shadow_style,%91object Object%93&#8243; max_width_tablet=&#8221;50px&#8221; z_index_tablet=&#8221;500&#8243;]<\/p>\n<p>APOI LE VOTEAZ\u0102<\/p>\n<p>\u00a0<\/p>\n<p>\u00a0<\/p>\n<p>[\/et_pb_blurb][et_pb_blurb admin_label=&#8221;Pasul 6&#8243; global_parent=&#8221;2678&#8243; title=&#8221;PASUL 6&#8243; text_orientation=&#8221;center&#8221; background_position=&#8221;top_left&#8221; background_repeat=&#8221;repeat&#8221; background_size=&#8221;initial&#8221; image_max_width=&#8221;none&#8221; _builder_version=&#8221;3.22.4&#8243; image=&#8221;http:\/\/bugetareparticipativa.viitorul.org\/city1\/wp-content\/uploads\/sites\/2\/2019\/05\/infog6.png&#8221; text_shadow_horizontal_length=&#8221;text_shadow_style,%91object Object%93&#8243; text_shadow_vertical_length=&#8221;text_shadow_style,%91object Object%93&#8243; text_shadow_blur_strength=&#8221;text_shadow_style,%91object Object%93&#8243; header_text_shadow_horizontal_length=&#8221;header_text_shadow_style,%91object Object%93&#8243; header_text_shadow_vertical_length=&#8221;header_text_shadow_style,%91object Object%93&#8243; header_text_shadow_blur_strength=&#8221;header_text_shadow_style,%91object Object%93&#8243; body_text_shadow_horizontal_length=&#8221;body_text_shadow_style,%91object Object%93&#8243; body_text_shadow_vertical_length=&#8221;body_text_shadow_style,%91object Object%93&#8243; body_text_shadow_blur_strength=&#8221;body_text_shadow_style,%91object Object%93&#8243; max_width_tablet=&#8221;50px&#8221; z_index_tablet=&#8221;500&#8243;]<\/p>\n<p>REZULTATUL VA SERVI TUTUROR<\/p>\n<p>\u00a0<\/p>\n<p>[\/et_pb_blurb][\/et_pb_column][\/et_pb_row][\/et_pb_section]<\/p>\n","protected":false},"excerpt":{"rendered":"<p>[et_pb_section bb_built=&#8221;1&#8243; fullwidth=&#8221;on&#8221; _builder_version=&#8221;3.22.3&#8243; next_background_color=&#8221;#000000&#8243;][et_pb_fullwidth_slider _builder_version=&#8221;3.22.4&#8243; header_font_size=&#8221;66&#8243; background_position=&#8221;top_left&#8221; custom_padding=&#8221;|||&#8221; auto=&#8221;on&#8221; auto_speed=&#8221;3000&#8243; z_index_tablet=&#8221;500&#8243; button_text_size__hover_enabled=&#8221;off&#8221; button_text_size__hover=&#8221;null&#8221; button_one_text_size__hover_enabled=&#8221;off&#8221; button_one_text_size__hover=&#8221;null&#8221; button_two_text_size__hover_enabled=&#8221;off&#8221; button_two_text_size__hover=&#8221;null&#8221; button_text_color__hover_enabled=&#8221;off&#8221; button_text_color__hover=&#8221;null&#8221; button_one_text_color__hover_enabled=&#8221;off&#8221; button_one_text_color__hover=&#8221;null&#8221; button_two_text_color__hover_enabled=&#8221;off&#8221; button_two_text_color__hover=&#8221;null&#8221; button_border_width__hover_enabled=&#8221;off&#8221; button_border_width__hover=&#8221;null&#8221; button_one_border_width__hover_enabled=&#8221;off&#8221; button_one_border_width__hover=&#8221;null&#8221; button_two_border_width__hover_enabled=&#8221;off&#8221; button_two_border_width__hover=&#8221;null&#8221; button_border_color__hover_enabled=&#8221;off&#8221; button_border_color__hover=&#8221;null&#8221; button_one_border_color__hover_enabled=&#8221;off&#8221; button_one_border_color__hover=&#8221;null&#8221; button_two_border_color__hover_enabled=&#8221;off&#8221; button_two_border_color__hover=&#8221;null&#8221; button_border_radius__hover_enabled=&#8221;off&#8221; button_border_radius__hover=&#8221;null&#8221; button_one_border_radius__hover_enabled=&#8221;off&#8221; button_one_border_radius__hover=&#8221;null&#8221; button_two_border_radius__hover_enabled=&#8221;off&#8221; button_two_border_radius__hover=&#8221;null&#8221; button_letter_spacing__hover_enabled=&#8221;on&#8221; button_letter_spacing__hover=&#8221;0&#8243; button_one_letter_spacing__hover_enabled=&#8221;off&#8221; button_one_letter_spacing__hover=&#8221;null&#8221; button_two_letter_spacing__hover_enabled=&#8221;off&#8221; button_two_letter_spacing__hover=&#8221;null&#8221; button_bg_color__hover_enabled=&#8221;off&#8221; button_bg_color__hover=&#8221;null&#8221; button_one_bg_color__hover_enabled=&#8221;off&#8221; button_one_bg_color__hover=&#8221;null&#8221; button_two_bg_color__hover_enabled=&#8221;off&#8221; button_two_bg_color__hover=&#8221;null&#8221;][et_pb_slide heading=&#8221;Ce [&hellip;]<\/p>\n","protected":false},"author":1,"featured_media":0,"parent":0,"menu_order":0,"comment_status":"closed","ping_status":"closed","template":"","meta":{"_et_pb_use_builder":"on","_et_pb_old_content":"<p>[vc_row][vc_column width=\"1\/6\"][vc_single_image image=\"95\" img_size=\"full\" css_animation=\"left-to-right\" el_class=\".infograf\"][vc_column_text css_animation=\"left-to-right\" el_class=\".infograf\"]<\/p><h4 style=\"text-align: center;\">Leden 2017<\/h4><h4 style=\"text-align: center;\">Radnice vy\u010dlen\u00ed<\/h4><h4 style=\"text-align: center;\">a\u017e 2 miliony K\u010d<\/h4><p>\u00a0<\/p><p style=\"text-align: center;\"><strong>\u00a0<\/strong><\/p><p>[\/vc_column_text][\/vc_column][vc_column width=\"1\/6\"][vc_single_image image=\"85\" img_size=\"full\" css_animation=\"left-to-right\"][vc_column_text css_animation=\"left-to-right\"]<\/p><h4 style=\"text-align: center;\">\u00fanor, b\u0159ezen<\/h4><h4 style=\"text-align: center;\">p\u0159ij\u010fte s n\u00e1pady, co vylep\u0161it<\/h4><p>[\/vc_column_text][\/vc_column][vc_column width=\"1\/6\"][vc_single_image image=\"109\" img_size=\"full\" css_animation=\"left-to-right\"][vc_column_text css_animation=\"left-to-right\"]<\/p><h4 style=\"text-align: center;\">do\u00a015.b\u0159ezna<\/h4><h4 style=\"text-align: center;\">odevzdejte p\u00edsemn\u00e9 n\u00e1vrhy<\/h4><p>[\/vc_column_text][\/vc_column][vc_column width=\"1\/6\"][vc_single_image image=\"108\" img_size=\"full\" css_animation=\"left-to-right\"][vc_column_text css_animation=\"left-to-right\"]<\/p><h4 style=\"text-align: center;\">duben, kv\u011bten<\/h4><h4 style=\"text-align: center;\">debatujte s \u00fa\u0159adem a se sousedy<\/h4><p>[\/vc_column_text][\/vc_column][vc_column width=\"1\/6\"][vc_single_image image=\"107\" img_size=\"full\" css_animation=\"left-to-right\"][vc_column_text css_animation=\"left-to-right\"]<\/p><h4 style=\"text-align: center;\">\u010derven<\/h4><h4 style=\"text-align: center;\">a hlasujte!<\/h4><p>[\/vc_column_text][\/vc_column][vc_column width=\"1\/6\"][vc_single_image image=\"106\" img_size=\"full\" css_animation=\"left-to-right\"][vc_column_text css_animation=\"left-to-right\"]<\/p><h4 style=\"text-align: center;\">nakonec<\/h4><h4 style=\"text-align: center;\">Radnice Va\u0161e nejlep\u0161\u00ed n\u00e1vrhy zrealizuje<\/h4><p>[\/vc_column_text][\/vc_column][\/vc_row][vc_row el_class=\"pad20\"][vc_column][vc_column_text]<\/p><h1>Co je \"participativn\u00ed rozpo\u010det Prahy 3\"?<\/h1><p>Participativn\u00ed rozpo\u010det umo\u017e\u0148uje, abyste se jako\u00a0ob\u010dan\u00e9 zapojili do rozhodov\u00e1n\u00ed o rozvoji sv\u00e9 obce. <strong>Radnice vymez\u00ed \u010d\u00e1st pen\u011bz <\/strong>z ro\u010dn\u00edho rozpo\u010dtu,\u00a0<strong>Vy pak pod\u00e1te n\u00e1vrhy<\/strong>, co by se za tyto pen\u00edze m\u011blo v m\u011bstsk\u00e9 \u010d\u00e1sti\u00a0v\u00a0n\u00e1sleduj\u00edc\u00edm roce vylep\u0161it. P\u0159i tvorb\u011b t\u011bchto n\u00e1vrh\u016f se\u00a0setk\u00e1te za asistence m\u011bsta\u00a0na <strong>lok\u00e1ln\u00edch, \u010di tematick\u00fdch ve\u0159ejn\u00fdch diskus\u00edch a sousedsk\u00fdch setk\u00e1n\u00edch<\/strong>. \u00a0Na nich budete diskutovat o tom, co chcete ve sv\u00e9\u00a0m\u011bstsk\u00e9 \u010d\u00e1sti\u00a0zm\u011bnit a jak.\u00a0 Spole\u010dn\u00e9 n\u00e1vrhy pak p\u0159edlo\u017e\u00edte radnici k\u00a0 posouzen\u00ed z\u00a0hlediska realizovatelnosti. Vyvrcholen\u00edm je <strong>v\u0161elidov\u00e9 hlasov\u00e1n\u00ed <\/strong>o tom, kter\u00e9 \u00a0z Va\u0161ich n\u00e1vrh\u016f\u00a0radnice zrealizuje.[\/vc_column_text][\/vc_column][\/vc_row][vc_row][vc_column width=\"2\/3\" css=\".vc_custom_1435305221494{padding-left: 40px !important;}\"][vc_column_text]<\/p><h2>Aktu\u00e1ln\u00ed zpr\u00e1vy<\/h2><p>[\/vc_column_text][vc_basic_grid post_type=\"post\" max_items=\"10\" style=\"pagination\" items_per_page=\"2\" element_width=\"6\" arrows_design=\"vc_arrow-icon-arrow_04_left\" arrows_color=\"juicy_pink\" item=\"113\" grid_id=\"vc_gid:1488275772227-90b1b246-891c-2\" taxonomies=\"9\"][\/vc_column][vc_column width=\"1\/3\"][vc_widget_sidebar sidebar_id=\"otw-sidebar-1\"][vc_column_text]<\/p><h2>KONTAKTN\u00cd OSOBA<\/h2><p>[\/vc_column_text][vc_single_image image=\"693\"][vc_column_text]<\/p><h3>Krist\u00fdna Adam\u00ed\u010dkov\u00e1<\/h3><p>Email: <a href=\"mailto:kristynaa@praha3.cz\" target=\"_blank\" rel=\"noopener noreferrer\">kristynaa@praha3.cz<\/a><\/p><p>Telefon: 222 116 221[\/vc_column_text][\/vc_column][\/vc_row]<\/p>"},"_links":{"self":[{"href":"https:\/\/bugetareparticipativa.viitorul.org\/city1\/wp-json\/wp\/v2\/pages\/2023"}],"collection":[{"href":"https:\/\/bugetareparticipativa.viitorul.org\/city1\/wp-json\/wp\/v2\/pages"}],"about":[{"href":"https:\/\/bugetareparticipativa.viitorul.org\/city1\/wp-json\/wp\/v2\/types\/page"}],"author":[{"embeddable":true,"href":"https:\/\/bugetareparticipativa.viitorul.org\/city1\/wp-json\/wp\/v2\/users\/1"}],"replies":[{"embeddable":true,"href":"https:\/\/bugetareparticipativa.viitorul.org\/city1\/wp-json\/wp\/v2\/comments?post=2023"}],"version-history":[{"count":72,"href":"https:\/\/bugetareparticipativa.viitorul.org\/city1\/wp-json\/wp\/v2\/pages\/2023\/revisions"}],"predecessor-version":[{"id":14046,"href":"https:\/\/bugetareparticipativa.viitorul.org\/city1\/wp-json\/wp\/v2\/pages\/2023\/revisions\/14046"}],"wp:attachment":[{"href":"https:\/\/bugetareparticipativa.viitorul.org\/city1\/wp-json\/wp\/v2\/media?parent=2023"}],"curies":[{"name":"wp","href":"https:\/\/api.w.org\/{rel}","templated":true}]}}