{"id":14117,"date":"2019-08-14T08:47:33","date_gmt":"2019-08-14T08:47:33","guid":{"rendered":"http:\/\/bugetareparticipativa.viitorul.org\/ialoveni\/?page_id=14117"},"modified":"2020-10-08T09:47:04","modified_gmt":"2020-10-08T09:47:04","slug":"voteaza-2019","status":"publish","type":"page","link":"https:\/\/bugetareparticipativa.viitorul.org\/ialoveni\/voteaza-2019\/","title":{"rendered":"Voteaz\u0103"},"content":{"rendered":"<p>[et_pb_section bb_built=&#8221;1&#8243; inner_width=&#8221;auto&#8221; inner_max_width=&#8221;none&#8221;][et_pb_row _builder_version=&#8221;3.22.4&#8243;][et_pb_column type=&#8221;4_4&#8243;][et_pb_text _builder_version=&#8221;3.22.4&#8243; text_text_shadow_horizontal_length=&#8221;text_text_shadow_style,%91object Object%93&#8243; text_text_shadow_vertical_length=&#8221;text_text_shadow_style,%91object Object%93&#8243; text_text_shadow_blur_strength=&#8221;text_text_shadow_style,%91object Object%93&#8243; link_text_shadow_horizontal_length=&#8221;link_text_shadow_style,%91object Object%93&#8243; link_text_shadow_vertical_length=&#8221;link_text_shadow_style,%91object Object%93&#8243; link_text_shadow_blur_strength=&#8221;link_text_shadow_style,%91object Object%93&#8243; ul_text_shadow_horizontal_length=&#8221;ul_text_shadow_style,%91object Object%93&#8243; ul_text_shadow_vertical_length=&#8221;ul_text_shadow_style,%91object Object%93&#8243; ul_text_shadow_blur_strength=&#8221;ul_text_shadow_style,%91object Object%93&#8243; ol_text_shadow_horizontal_length=&#8221;ol_text_shadow_style,%91object Object%93&#8243; ol_text_shadow_vertical_length=&#8221;ol_text_shadow_style,%91object Object%93&#8243; ol_text_shadow_blur_strength=&#8221;ol_text_shadow_style,%91object Object%93&#8243; quote_text_shadow_horizontal_length=&#8221;quote_text_shadow_style,%91object Object%93&#8243; quote_text_shadow_vertical_length=&#8221;quote_text_shadow_style,%91object Object%93&#8243; quote_text_shadow_blur_strength=&#8221;quote_text_shadow_style,%91object Object%93&#8243; header_text_shadow_horizontal_length=&#8221;header_text_shadow_style,%91object Object%93&#8243; header_text_shadow_vertical_length=&#8221;header_text_shadow_style,%91object Object%93&#8243; header_text_shadow_blur_strength=&#8221;header_text_shadow_style,%91object Object%93&#8243; header_2_text_shadow_horizontal_length=&#8221;header_2_text_shadow_style,%91object Object%93&#8243; header_2_text_shadow_vertical_length=&#8221;header_2_text_shadow_style,%91object Object%93&#8243; header_2_text_shadow_blur_strength=&#8221;header_2_text_shadow_style,%91object Object%93&#8243; header_3_text_shadow_horizontal_length=&#8221;header_3_text_shadow_style,%91object Object%93&#8243; header_3_text_shadow_vertical_length=&#8221;header_3_text_shadow_style,%91object Object%93&#8243; header_3_text_shadow_blur_strength=&#8221;header_3_text_shadow_style,%91object Object%93&#8243; header_4_text_shadow_horizontal_length=&#8221;header_4_text_shadow_style,%91object Object%93&#8243; header_4_text_shadow_vertical_length=&#8221;header_4_text_shadow_style,%91object Object%93&#8243; header_4_text_shadow_blur_strength=&#8221;header_4_text_shadow_style,%91object Object%93&#8243; header_5_text_shadow_horizontal_length=&#8221;header_5_text_shadow_style,%91object Object%93&#8243; header_5_text_shadow_vertical_length=&#8221;header_5_text_shadow_style,%91object Object%93&#8243; header_5_text_shadow_blur_strength=&#8221;header_5_text_shadow_style,%91object Object%93&#8243; header_6_text_shadow_horizontal_length=&#8221;header_6_text_shadow_style,%91object Object%93&#8243; header_6_text_shadow_vertical_length=&#8221;header_6_text_shadow_style,%91object Object%93&#8243; header_6_text_shadow_blur_strength=&#8221;header_6_text_shadow_style,%91object Object%93&#8243; z_index_tablet=&#8221;500&#8243;]<\/p>\n<h3><strong>PROCESUL DE VOTARE 2019<\/strong><\/h3>\n<ul>\n<li>Votarea are loc \u00een perioada\u00a0<strong>21 octombrie 2019 \u2013 11 noiembrie 2019<\/strong>.<\/li>\n<li>Pute\u021bi utiliza 3 voturi pozitive \u0219i 1 vot negativ.<\/li>\n<li>Dac\u0103 dori\u021bi s\u0103 utiliza\u021bi un vot negativ, trebuie s\u0103 utiliza\u021bi mai \u00eent\u00e2i voturile pozitive.<\/li>\n<li>\u00cen format de h\u00e2rtie, cet\u0103\u021benii pot vota venind la sediul Prim\u0103riei ora\u0219ului Ialoveni din str. Alexandru cel Bun, 45.<\/li>\n<li>Pentru a putea vota on-line ave\u021bi nevoie de un num\u0103r de telefon mobil. Procedura de votare se \u00eencheie imediat dup\u0103 ce introduce\u021bi codul PIN care va fi expediat pe num\u0103rul de mobil indicat. Ap\u0103sa\u021bi butonul \u201eConfirm\u0103 \u0219i voteaz\u0103\u201d. \u00cen unele cazuri, expedierea codului PIN poate dura \u0219i c\u00e2teva minute.<\/li>\n<li>Buletinele de vot pe care sunt aplicate mai mult de 3 voturi pozitive \u0219i mai mult 1 vot negativ vor fi considerate nevalabile.<\/li>\n<li>1 vot = 1 proiect<\/li>\n<li>Fiecare num\u0103r de telefon mobil poate fi utilizat o singur\u0103 dat\u0103.<\/li>\n<li>Prim\u0103ria se asigur\u0103 c\u0103 voturile au fost acordate \u00een mod corect \u0219i c\u0103 procesul de votare a decurs f\u0103r\u0103 incidente.<\/li>\n<li>Informa\u021bii detaliate despre procesul de bugetare participativ\u0103 vede\u021bi \u00een\u00a0<strong><u><a href=\"http:\/\/bugetareparticipativa.viitorul.org\/ialoveni\/wp-content\/uploads\/sites\/17\/2019\/07\/Regulament-Bugetare-Participativ%C4%83-Ialoveni.pdf\">Regulamentul buget\u0103rii participative \u00een ora\u0219ul Ialoveni<\/a><\/u><\/strong><\/li>\n<\/ul>\n<p>[\/et_pb_text][et_pb_cta _builder_version=&#8221;3.22.4&#8243; title=&#8221;VOTEAZ\u0102 AICI!&#8221; text_shadow_horizontal_length=&#8221;text_shadow_style,%91object Object%93&#8243; text_shadow_vertical_length=&#8221;text_shadow_style,%91object Object%93&#8243; text_shadow_blur_strength=&#8221;text_shadow_style,%91object Object%93&#8243; header_text_shadow_horizontal_length=&#8221;header_text_shadow_style,%91object Object%93&#8243; header_text_shadow_vertical_length=&#8221;header_text_shadow_style,%91object Object%93&#8243; header_text_shadow_blur_strength=&#8221;header_text_shadow_style,%91object Object%93&#8243; body_text_shadow_horizontal_length=&#8221;body_text_shadow_style,%91object Object%93&#8243; body_text_shadow_vertical_length=&#8221;body_text_shadow_style,%91object Object%93&#8243; body_text_shadow_blur_strength=&#8221;body_text_shadow_style,%91object Object%93&#8243; button_text_shadow_horizontal_length=&#8221;button_text_shadow_style,%91object Object%93&#8243; button_text_shadow_vertical_length=&#8221;button_text_shadow_style,%91object Object%93&#8243; button_text_shadow_blur_strength=&#8221;button_text_shadow_style,%91object Object%93&#8243; z_index_tablet=&#8221;500&#8243; button_url=&#8221;https:\/\/voting.agorace.cz\/anketa\/tu-decizi-pentru-ialoveni-2019-2020 &#8221; button_text=&#8221;Acceseaz\u0103 aici!&#8221; \/][\/et_pb_column][\/et_pb_row][et_pb_row][et_pb_column type=&#8221;1_2&#8243;][et_pb_number_counter _builder_version=&#8221;3.22.4&#8243; title=&#8221;cet\u0103\u021beni din ora\u0219ul Ialoveni au votat pentru proiectele buget\u0103rii participative&#8221; text_shadow_horizontal_length=&#8221;text_shadow_style,%91object Object%93&#8243; text_shadow_vertical_length=&#8221;text_shadow_style,%91object Object%93&#8243; text_shadow_blur_strength=&#8221;text_shadow_style,%91object Object%93&#8243; title_text_shadow_horizontal_length=&#8221;title_text_shadow_style,%91object Object%93&#8243; title_text_shadow_vertical_length=&#8221;title_text_shadow_style,%91object Object%93&#8243; title_text_shadow_blur_strength=&#8221;title_text_shadow_style,%91object Object%93&#8243; number_text_color=&#8221;#7ebec5&#8243; number_text_shadow_horizontal_length=&#8221;number_text_shadow_style,%91object Object%93&#8243; number_text_shadow_vertical_length=&#8221;number_text_shadow_style,%91object Object%93&#8243; number_text_shadow_blur_strength=&#8221;number_text_shadow_style,%91object Object%93&#8243; z_index_tablet=&#8221;500&#8243; percent_sign=&#8221;off&#8221; number=&#8221;609&#8243; \/][et_pb_countdown_timer _builder_version=&#8221;3.22.4&#8243; title=&#8221;P\u00e2n\u0103 la finalul vot\u0103rii au mai r\u0103mas&#8221; date_time=&#8221;2019-11-11 21:59&#8243; text_shadow_horizontal_length=&#8221;text_shadow_style,%91object Object%93&#8243; text_shadow_vertical_length=&#8221;text_shadow_style,%91object Object%93&#8243; text_shadow_blur_strength=&#8221;text_shadow_style,%91object Object%93&#8243; header_text_shadow_horizontal_length=&#8221;header_text_shadow_style,%91object Object%93&#8243; header_text_shadow_vertical_length=&#8221;header_text_shadow_style,%91object Object%93&#8243; header_text_shadow_blur_strength=&#8221;header_text_shadow_style,%91object Object%93&#8243; numbers_text_shadow_horizontal_length=&#8221;numbers_text_shadow_style,%91object Object%93&#8243; numbers_text_shadow_vertical_length=&#8221;numbers_text_shadow_style,%91object Object%93&#8243; numbers_text_shadow_blur_strength=&#8221;numbers_text_shadow_style,%91object Object%93&#8243; label_text_shadow_horizontal_length=&#8221;label_text_shadow_style,%91object Object%93&#8243; label_text_shadow_vertical_length=&#8221;label_text_shadow_style,%91object Object%93&#8243; label_text_shadow_blur_strength=&#8221;label_text_shadow_style,%91object Object%93&#8243; z_index_tablet=&#8221;500&#8243; \/][\/et_pb_column][et_pb_column type=&#8221;1_2&#8243;][et_pb_text _builder_version=&#8221;3.22.4&#8243; text_text_shadow_horizontal_length=&#8221;text_text_shadow_style,%91object Object%93&#8243; text_text_shadow_vertical_length=&#8221;text_text_shadow_style,%91object Object%93&#8243; text_text_shadow_blur_strength=&#8221;text_text_shadow_style,%91object Object%93&#8243; link_text_shadow_horizontal_length=&#8221;link_text_shadow_style,%91object Object%93&#8243; link_text_shadow_vertical_length=&#8221;link_text_shadow_style,%91object Object%93&#8243; link_text_shadow_blur_strength=&#8221;link_text_shadow_style,%91object Object%93&#8243; ul_text_shadow_horizontal_length=&#8221;ul_text_shadow_style,%91object Object%93&#8243; ul_text_shadow_vertical_length=&#8221;ul_text_shadow_style,%91object Object%93&#8243; ul_text_shadow_blur_strength=&#8221;ul_text_shadow_style,%91object Object%93&#8243; ol_text_shadow_horizontal_length=&#8221;ol_text_shadow_style,%91object Object%93&#8243; ol_text_shadow_vertical_length=&#8221;ol_text_shadow_style,%91object Object%93&#8243; ol_text_shadow_blur_strength=&#8221;ol_text_shadow_style,%91object Object%93&#8243; quote_text_shadow_horizontal_length=&#8221;quote_text_shadow_style,%91object Object%93&#8243; quote_text_shadow_vertical_length=&#8221;quote_text_shadow_style,%91object Object%93&#8243; quote_text_shadow_blur_strength=&#8221;quote_text_shadow_style,%91object Object%93&#8243; header_text_shadow_horizontal_length=&#8221;header_text_shadow_style,%91object Object%93&#8243; header_text_shadow_vertical_length=&#8221;header_text_shadow_style,%91object Object%93&#8243; header_text_shadow_blur_strength=&#8221;header_text_shadow_style,%91object Object%93&#8243; header_2_text_shadow_horizontal_length=&#8221;header_2_text_shadow_style,%91object Object%93&#8243; header_2_text_shadow_vertical_length=&#8221;header_2_text_shadow_style,%91object Object%93&#8243; header_2_text_shadow_blur_strength=&#8221;header_2_text_shadow_style,%91object Object%93&#8243; header_3_text_shadow_horizontal_length=&#8221;header_3_text_shadow_style,%91object Object%93&#8243; header_3_text_shadow_vertical_length=&#8221;header_3_text_shadow_style,%91object Object%93&#8243; header_3_text_shadow_blur_strength=&#8221;header_3_text_shadow_style,%91object Object%93&#8243; header_4_text_shadow_horizontal_length=&#8221;header_4_text_shadow_style,%91object Object%93&#8243; header_4_text_shadow_vertical_length=&#8221;header_4_text_shadow_style,%91object Object%93&#8243; header_4_text_shadow_blur_strength=&#8221;header_4_text_shadow_style,%91object Object%93&#8243; header_5_text_shadow_horizontal_length=&#8221;header_5_text_shadow_style,%91object Object%93&#8243; header_5_text_shadow_vertical_length=&#8221;header_5_text_shadow_style,%91object Object%93&#8243; header_5_text_shadow_blur_strength=&#8221;header_5_text_shadow_style,%91object Object%93&#8243; header_6_text_shadow_horizontal_length=&#8221;header_6_text_shadow_style,%91object Object%93&#8243; header_6_text_shadow_vertical_length=&#8221;header_6_text_shadow_style,%91object Object%93&#8243; header_6_text_shadow_blur_strength=&#8221;header_6_text_shadow_style,%91object Object%93&#8243; z_index_tablet=&#8221;500&#8243;]<\/p>\n\t<script type=\"text\/javascript\">\n\t(function( $ ) {\n\t\t$( function() {\n\t\t\tHighcharts.setOptions( {\"lang\":{\"decimalPoint\":\".\",\"thousandsSep\":\",\",\"numericSymbols\":[\"K\",\"M\",\"B\",\"T\",\"P\",\"E\"],\"numericSymbolMagnitude\":1000}});\n\t\t} );\n\t})( jQuery );\n\t<\/script>\n\t<div id=\"m-chart-container-14124-1\" class=\"m-chart-container\">\n\t<div id=\"m-chart-14124-1\" class=\"m-chart\"><\/div>\n<\/div>\n<script type=\"text\/javascript\">\n\tvar m_chart_highcharts_14124_1 = {\n\t\tchart_args: {\"chart\":{\"type\":\"column\",\"show_labels\":true,\"renderTo\":\"m-chart-14124\",\"height\":400},\"title\":{\"text\":\"Num\\u0103rul de votan\\u021bi pe zi\"},\"subtitle\":{\"text\":\"\"},\"legend\":{\"enabled\":false},\"credits\":{\"href\":\"\",\"text\":\"\"},\"exporting\":{\"enabled\":false},\"plotOptions\":{\"series\":{\"dataLabels\":{\"enabled\":true,\"format\":\"{y:,f}\"},\"connectNulls\":true},\"column\":{\"dataLabels\":{\"enabled\":true}}},\"xAxis\":{\"categories\":[\"21.10.19\",\"22.10.19\",\"23.10.19\",\"24.10.19\",\"25.10.19\",\"26.10.19\",\"27.10.19\",\"28.10.19\",\"29.10.19\",\"30.10.19\",\"31.10.19\",\"01.11.19\",\"02.11.19\",\"03.11.19\",\"04.11.19\",\"05.11.19\",\"06.11.19\",\"07.11.19\",\"08.11.19\",\"09.11.19\",\"10.11.19\",\"11.11.19\"],\"title\":{\"text\":\"\"}},\"yAxis\":{\"title\":{\"text\":\"\"}},\"series\":[{\"type\":\"column\",\"showInLegend\":true,\"data\":[[\"21.10.19\",0],[\"22.10.19\",4],[\"23.10.19\",41],[\"24.10.19\",58],[\"25.10.19\",62],[\"26.10.19\",0],[\"27.10.19\",1],[\"28.10.19\",34],[\"29.10.19\",77],[\"30.10.19\",104],[\"31.10.19\",55],[\"01.11.19\",78],[\"02.11.19\",26],[\"03.11.19\",28],[\"04.11.19\",11],[\"05.11.19\",3],[\"06.11.19\",10],[\"07.11.19\",3],[\"08.11.19\",2],[\"09.11.19\",0],[\"10.11.19\",3],[\"11.11.19\",9]]}],\"tooltip\":{\"pointFormat\":\"<b>{point.y}<\/b>\"}},\n\t\tpost_id: 14124,\n\t\tinstance: 1\t};\n\n\t\n\t(function( $ ) {\n\t\tm_chart_highcharts_14124_1.render_chart = function( ) {\n\t\t\t$( '.m-chart' ).trigger({\n\t\t\t\ttype:     'render_start',\n\t\t\t\tpost_id:  this.post_id,\n\t\t\t\tinstance: this.instance\n\t\t\t});\n\n\t\t\t$( '#m-chart-' + this.post_id + '-' + this.instance ).highcharts(\n\t\t\t\tthis.chart_args,\n\t\t\t\tfunction( chart ) {\n\t\t\t\t\t\/\/ Stuff to do after the chart has rendered goes here\n\t\t\t\t\t\n\t\t\t\t}\n\t\t\t);\n\n\t\t\tthis.chart = $( '#m-chart-' + this.post_id + '-' + this.instance ).highcharts();\n\n\t\t\t$( '.m-chart' ).trigger({\n\t\t\t\ttype:     'render_done',\n\t\t\t\tchart:    this.chart,\n\t\t\t\tpost_id:  this.post_id,\n\t\t\t\tinstance: this.instance\n\t\t\t});\n\t\t};\n\n\t\t$( function() {\n\t\t\tm_chart_highcharts_14124_1.render_chart();\n\t\t} );\n\t})( jQuery );\n<\/script>\n<p>[\/et_pb_text][\/et_pb_column][\/et_pb_row][\/et_pb_section]<\/p>\n","protected":false},"excerpt":{"rendered":"<p>[et_pb_section bb_built=&#8221;1&#8243; inner_width=&#8221;auto&#8221; inner_max_width=&#8221;none&#8221;][et_pb_row _builder_version=&#8221;3.22.4&#8243;][et_pb_column type=&#8221;4_4&#8243;][et_pb_text _builder_version=&#8221;3.22.4&#8243; text_text_shadow_horizontal_length=&#8221;text_text_shadow_style,%91object Object%93&#8243; text_text_shadow_vertical_length=&#8221;text_text_shadow_style,%91object Object%93&#8243; text_text_shadow_blur_strength=&#8221;text_text_shadow_style,%91object Object%93&#8243; link_text_shadow_horizontal_length=&#8221;link_text_shadow_style,%91object Object%93&#8243; link_text_shadow_vertical_length=&#8221;link_text_shadow_style,%91object Object%93&#8243; link_text_shadow_blur_strength=&#8221;link_text_shadow_style,%91object Object%93&#8243; ul_text_shadow_horizontal_length=&#8221;ul_text_shadow_style,%91object Object%93&#8243; ul_text_shadow_vertical_length=&#8221;ul_text_shadow_style,%91object Object%93&#8243; ul_text_shadow_blur_strength=&#8221;ul_text_shadow_style,%91object Object%93&#8243; ol_text_shadow_horizontal_length=&#8221;ol_text_shadow_style,%91object Object%93&#8243; ol_text_shadow_vertical_length=&#8221;ol_text_shadow_style,%91object Object%93&#8243; ol_text_shadow_blur_strength=&#8221;ol_text_shadow_style,%91object Object%93&#8243; quote_text_shadow_horizontal_length=&#8221;quote_text_shadow_style,%91object Object%93&#8243; quote_text_shadow_vertical_length=&#8221;quote_text_shadow_style,%91object Object%93&#8243; quote_text_shadow_blur_strength=&#8221;quote_text_shadow_style,%91object Object%93&#8243; header_text_shadow_horizontal_length=&#8221;header_text_shadow_style,%91object Object%93&#8243; header_text_shadow_vertical_length=&#8221;header_text_shadow_style,%91object Object%93&#8243; header_text_shadow_blur_strength=&#8221;header_text_shadow_style,%91object Object%93&#8243; header_2_text_shadow_horizontal_length=&#8221;header_2_text_shadow_style,%91object Object%93&#8243; header_2_text_shadow_vertical_length=&#8221;header_2_text_shadow_style,%91object Object%93&#8243; header_2_text_shadow_blur_strength=&#8221;header_2_text_shadow_style,%91object Object%93&#8243; header_3_text_shadow_horizontal_length=&#8221;header_3_text_shadow_style,%91object Object%93&#8243; header_3_text_shadow_vertical_length=&#8221;header_3_text_shadow_style,%91object Object%93&#8243; header_3_text_shadow_blur_strength=&#8221;header_3_text_shadow_style,%91object Object%93&#8243; [&hellip;]<\/p>\n","protected":false},"author":30,"featured_media":0,"parent":0,"menu_order":0,"comment_status":"closed","ping_status":"closed","template":"","meta":{"_et_pb_use_builder":"on","_et_pb_old_content":"<p>Cet\u0103\u021benii ora\u0219ului Ialoveni pot vota proiectele online ori offline. Astfel:<br \/>1. Online proiectele pot fi votate pe platforma buget\u0103rii participative bugetareparticipativa.Ialoveni.md. Fiecare cet\u0103\u021bean cu un cont valid pe platform\u0103 poate alege din cele 6 domenii indicate la Sec\u021biunea 6 c\u00e2te un proiect pentru fiecare domeniu stabilit la punctul 6.7.<\/p><p>2. Offline, cet\u0103\u021benii pot vota venind la sediul Prim\u0103riei ora\u0219ului Ialoveni din str. Alexandru cel Bun, 45, la Centrul de informa\u021bii pentru cet\u0103\u021beni (CIC).<\/p><p>3. \u00cen aceast\u0103 etap\u0103, se vor selecta maxim 6 proiecte, \u00een func\u021bie de num\u0103rul de voturi din fiecare domeniu.<\/p><p>4. Eventualele modific\u0103ri ale calendarului procesului de bugetare participativ\u0103 vor fi publicate pe platforma bugetareparticipativa.Ialoveni.md.<\/p>"},"_links":{"self":[{"href":"https:\/\/bugetareparticipativa.viitorul.org\/ialoveni\/wp-json\/wp\/v2\/pages\/14117"}],"collection":[{"href":"https:\/\/bugetareparticipativa.viitorul.org\/ialoveni\/wp-json\/wp\/v2\/pages"}],"about":[{"href":"https:\/\/bugetareparticipativa.viitorul.org\/ialoveni\/wp-json\/wp\/v2\/types\/page"}],"author":[{"embeddable":true,"href":"https:\/\/bugetareparticipativa.viitorul.org\/ialoveni\/wp-json\/wp\/v2\/users\/30"}],"replies":[{"embeddable":true,"href":"https:\/\/bugetareparticipativa.viitorul.org\/ialoveni\/wp-json\/wp\/v2\/comments?post=14117"}],"version-history":[{"count":44,"href":"https:\/\/bugetareparticipativa.viitorul.org\/ialoveni\/wp-json\/wp\/v2\/pages\/14117\/revisions"}],"predecessor-version":[{"id":14372,"href":"https:\/\/bugetareparticipativa.viitorul.org\/ialoveni\/wp-json\/wp\/v2\/pages\/14117\/revisions\/14372"}],"wp:attachment":[{"href":"https:\/\/bugetareparticipativa.viitorul.org\/ialoveni\/wp-json\/wp\/v2\/media?parent=14117"}],"curies":[{"name":"wp","href":"https:\/\/api.w.org\/{rel}","templated":true}]}}