{"id":2191,"date":"2017-05-19T05:29:30","date_gmt":"2017-05-19T05:29:30","guid":{"rendered":"http:\/\/mesto1.8u.cz\/?page_id=2191"},"modified":"2024-06-19T15:04:07","modified_gmt":"2024-06-19T15:04:07","slug":"buget","status":"publish","type":"page","link":"https:\/\/bugetareparticipativa.viitorul.org\/ialoveni\/buget\/","title":{"rendered":"BUGET PARTICIPATIV"},"content":{"rendered":"<p>[et_pb_section fb_built=&#8221;1&#8243; _builder_version=&#8221;3.22.4&#8243;][et_pb_row make_equal=&#8221;on&#8221; parallax_method_1=&#8221;off&#8221; padding_top_1=&#8221;10px&#8221; padding_right_1=&#8221;10px&#8221; padding_bottom_1=&#8221;10px&#8221; padding_left_1=&#8221;10px&#8221; admin_label=&#8221;\u0158\u00e1dek&#8221; _builder_version=&#8221;3.22.4&#8243; background_size=&#8221;initial&#8221; background_position=&#8221;top_left&#8221; background_repeat=&#8221;repeat&#8221; width_phone=&#8221;50px&#8221; max_width_phone=&#8221;1280px&#8221; module_alignment=&#8221;left&#8221; z_index_tablet=&#8221;500&#8243;][et_pb_column type=&#8221;1_6&#8243; _builder_version=&#8221;3.0.47&#8243;][et_pb_blurb title=&#8221;PASUL 1&#8243; image=&#8221;http:\/\/bugetareparticipativa.viitorul.org\/ialoveni\/wp-content\/uploads\/sites\/17\/2019\/05\/infog1.png&#8221; image_max_width=&#8221;none&#8221; admin_label=&#8221;prvn\u00ed krok&#8221; _builder_version=&#8221;3.22.4&#8243; background_size=&#8221;initial&#8221; background_position=&#8221;top_left&#8221; background_repeat=&#8221;repeat&#8221; text_orientation=&#8221;center&#8221; max_width_tablet=&#8221;50px&#8221; z_index_tablet=&#8221;500&#8243;]<\/p>\n<p>PRIM\u0102RIA ALOC\u0102 O PARTE DIN BUGET<\/p>\n<p>[\/et_pb_blurb][\/et_pb_column][et_pb_column type=&#8221;1_6&#8243; _builder_version=&#8221;3.0.47&#8243;][et_pb_blurb title=&#8221;PASUL 2&#8243; image=&#8221;http:\/\/bugetareparticipativa.viitorul.org\/ialoveni\/wp-content\/uploads\/sites\/17\/2019\/05\/infog2.png&#8221; image_max_width=&#8221;none&#8221; admin_label=&#8221;druh\u00fd krok&#8221; _builder_version=&#8221;3.22.4&#8243; background_size=&#8221;initial&#8221; background_position=&#8221;top_left&#8221; background_repeat=&#8221;repeat&#8221; text_orientation=&#8221;center&#8221; max_width_tablet=&#8221;50px&#8221; z_index_tablet=&#8221;500&#8243;]<\/p>\n<p>CET\u0102\u0162ENII VIN CU IDEI DE \u00ceMBUN\u0102T\u0102\u0162IRE<\/p>\n<p>[\/et_pb_blurb][\/et_pb_column][et_pb_column type=&#8221;1_6&#8243; _builder_version=&#8221;3.0.47&#8243;][et_pb_blurb title=&#8221;PASUL 3&#8243; image=&#8221;http:\/\/bugetareparticipativa.viitorul.org\/ialoveni\/wp-content\/uploads\/sites\/17\/2019\/05\/infog-man.png&#8221; image_max_width=&#8221;none&#8221; admin_label=&#8221;t\u0159et\u00ed krok&#8221; _builder_version=&#8221;3.22.4&#8243; background_size=&#8221;initial&#8221; background_position=&#8221;top_left&#8221; background_repeat=&#8221;repeat&#8221; text_orientation=&#8221;center&#8221; max_width_tablet=&#8221;50px&#8221; z_index_tablet=&#8221;500&#8243;]<\/p>\n<p>PROPUNERILE LE PREZINT\u0102 \u00ceN SCRIS<\/p>\n<\/p>\n<p>[\/et_pb_blurb][\/et_pb_column][et_pb_column type=&#8221;1_6&#8243; _builder_version=&#8221;3.0.47&#8243;][et_pb_blurb title=&#8221;PASUL 4&#8243; image=&#8221;http:\/\/bugetareparticipativa.viitorul.org\/ialoveni\/wp-content\/uploads\/sites\/17\/2019\/05\/infog4.png&#8221; image_max_width=&#8221;none&#8221; admin_label=&#8221;\u010dtvrt\u00fd krok&#8221; _builder_version=&#8221;3.22.4&#8243; background_size=&#8221;initial&#8221; background_position=&#8221;top_left&#8221; background_repeat=&#8221;repeat&#8221; text_orientation=&#8221;center&#8221; max_width_tablet=&#8221;50px&#8221; z_index_tablet=&#8221;500&#8243;]<\/p>\n<p>LE DISCUT\u0102 CU VECINII<\/p>\n<\/p>\n<p>[\/et_pb_blurb][\/et_pb_column][et_pb_column type=&#8221;1_6&#8243; _builder_version=&#8221;3.0.47&#8243;][et_pb_blurb title=&#8221;PASUL 5&#8243; image=&#8221;http:\/\/bugetareparticipativa.viitorul.org\/ialoveni\/wp-content\/uploads\/sites\/17\/2019\/05\/infog5.png&#8221; image_max_width=&#8221;none&#8221; admin_label=&#8221;p\u00e1t\u00fd krok&#8221; _builder_version=&#8221;3.22.4&#8243; background_size=&#8221;initial&#8221; background_position=&#8221;top_left&#8221; background_repeat=&#8221;repeat&#8221; text_orientation=&#8221;center&#8221; max_width_tablet=&#8221;50px&#8221; z_index_tablet=&#8221;500&#8243;]<\/p>\n<p>APOI LE VOTEAZ\u0102<\/p>\n<\/p>\n<p>[\/et_pb_blurb][\/et_pb_column][et_pb_column type=&#8221;1_6&#8243; _builder_version=&#8221;3.0.47&#8243;][et_pb_blurb title=&#8221;PASUL 6&#8243; image=&#8221;http:\/\/bugetareparticipativa.viitorul.org\/ialoveni\/wp-content\/uploads\/sites\/17\/2019\/05\/infog6.png&#8221; image_max_width=&#8221;none&#8221; admin_label=&#8221;\u0160EST\u00dd KROK&#8221; _builder_version=&#8221;3.22.4&#8243; background_size=&#8221;initial&#8221; background_position=&#8221;top_left&#8221; background_repeat=&#8221;repeat&#8221; text_orientation=&#8221;center&#8221; max_width_tablet=&#8221;50px&#8221; z_index_tablet=&#8221;500&#8243;]<\/p>\n<p>REZULTATUL VA SERVI TUTUROR<\/p>\n<\/p>\n<p>[\/et_pb_blurb][\/et_pb_column][\/et_pb_row][et_pb_row _builder_version=&#8221;3.22.4&#8243; custom_padding=&#8221;|||0px||&#8221;][et_pb_column type=&#8221;4_4&#8243; _builder_version=&#8221;3.0.47&#8243;][et_pb_text _builder_version=&#8221;3.22.4&#8243; custom_margin=&#8221;||-75px|||&#8221; z_index_tablet=&#8221;500&#8243;]<\/p>\n<h1>CE ESTE \u201eBUGETUL PARTICIPATIV\u201c?<\/h1>\n<p><span>Bugetarea participativ\u0103 este un proces democratic \u00een care cet\u0103\u021benii \u00ee\u0219i pot exprima opiniile \u0219i priorit\u0103\u021bile privind alocarea resurselor bugetare ale unui ora\u0219, district sau alt\u0103 unitate administrativ\u0103. Acest proces permite cet\u0103\u021benilor s\u0103 se implice direct \u00een deciziile privind cheltuirea unei p\u0103r\u021bi din bugetul public, de obicei pentru proiecte \u0219i ini\u021biative comunitare. Prim\u0103ria aloc\u0103 o parte din bugetul anual,\u00a0<\/span><strong>dup\u0103 care locuitorii vor veni cu propuneri\u00a0<\/strong><span>cu privire la ceea ce ar trebui \u00eembun\u0103t\u0103\u0163it \u00een anul viitor \u00een localitate. \u00cen cadrul formul\u0103rii acestor propuneri, cet\u0103\u0163enii, asista\u0163i de administra\u0163ia ora\u015fului, se \u00eent\u00e2lnesc la\u00a0<\/span><strong>discu\u0163ii publice locale sau tematice<\/strong><span>\u00a0<\/span><strong>\u015fi cu vecinii<\/strong><span>, unde discut\u0103 despre ceea ce vor s\u0103 schimbe \u00een localitatea lor \u015fi \u00een ce mod. Apoi depun la Prim\u0103rie propunerile comune pentru a fi verificat\u0103 fezabilitatea lor. Punctul culminant este\u00a0<\/span><strong>votul popular<\/strong><span>\u00a0pentru selectarea propunerilor cet\u0103\u0163enilor care s\u0103 fie realizate de municipalitate.<\/span><\/p>\n<div class=\"et_pb_row et_pb_row_4\">\n<div class=\"et_pb_column et_pb_column_4_4 et_pb_column_9 et_pb_css_mix_blend_mode_passthrough et-last-child\">\n<div class=\"et_pb_module et_pb_text et_pb_text_3 et_pb_bg_layout_light et_pb_text_align_left\">\n<div class=\"et_pb_text_inner\">\n<div class=\" bd-postcontent-5 bd-tagstyles bd-custom-blockquotes\">\n<div class=\"bd-container-inner\">\n<div class=\"vc_row wpb_row vc_row-fluid\">\n<div class=\"wpb_column vc_column_container vc_col-sm-8\">\n<div class=\"vc_column-inner \">\n<div class=\"wpb_wrapper\">\n<div class=\"wpb_text_column wpb_content_element \">\n<div class=\"wpb_wrapper\">\n<p>&nbsp;<\/p>\n<\/div>\n<\/div>\n<\/div>\n<\/div>\n<\/div>\n<\/div>\n<\/div>\n<\/div>\n<\/div>\n<\/div>\n<\/div>\n<\/div>\n<div class=\" bd-postcontent-5 bd-tagstyles bd-custom-blockquotes\">\n<div class=\"bd-container-inner\">\u00a0<\/div>\n<\/div>\n<p>[\/et_pb_text][et_pb_text _builder_version=&#8221;3.22.4&#8243; custom_padding=&#8221;0px||18px|||&#8221; z_index_tablet=&#8221;500&#8243;]<\/p>\n<p><img loading=\"lazy\" class=\" wp-image-128 alignright\" src=\"http:\/\/bugetareparticipativa.viitorul.org\/wp-content\/uploads\/2017\/05\/INFO-hlasovani-color-300x300.jpg\" alt=\"\" width=\"226\" height=\"226\" \/><\/p>\n<p>&nbsp;<\/p>\n<h2><strong>\u00cen lume, bugetul participativ func\u0163ioneaz\u0103 cu succes<\/strong><\/h2>\n<p>&nbsp;<\/p>\n<p><span>Bugetarea participativ\u0103 nu este o inova\u021bie recent\u0103 la nivel global, acesta a fost adoptat\u0103 pentru prima dat\u0103 \u00een 1989 \u00een Brazilia \u0219i s-a extins treptat \u00een Europa \u00een ultimii cincisprezece ani. \u00cen prezent, acest sistem func\u021bioneaz\u0103 \u00een 1.500 de ora\u0219e din \u00eentreaga lume. De asemenea, bugetarea participativ\u0103 a fost implementat\u0103 cu succes \u00een multe alte ora\u0219e europene, contribuind la cre\u0219terea implic\u0103rii cet\u0103\u021benilor \u00een procesele decizionale, de exemplu capitalele europene Paris, Madrid, Lisabona, Berlin, Var\u0219ovia, etc. \u00cen Republica Moldova bugetarea participativ\u0103 este implementat\u0103 de ora\u0219ele Chi\u0219in\u0103u, B\u0103l\u021bi, Soroca, Cahul, Cantemir, etc.<\/span><\/p>\n<p>&nbsp;<\/p>\n<h2><strong>Nu este vorba de granturi<\/strong><\/h2>\n<p>&nbsp;<\/p>\n<p><span>Scopul bugetului participativ nu se limiteaz\u0103 doar la alocarea unei sume de bani, a\u0219a c\u0103 nu poate fi considerat un program de granturi cu alt\u0103 denumire. Principala sa menire este s\u0103 implice locuitorii \u00een dialogul despre dezvoltarea comunit\u0103\u021bii \u00een care tr\u0103iesc, s\u0103 le arate care sunt posibilit\u0103\u021bile localit\u0103\u021bii \u0219i cum pot contribui la \u00eembun\u0103t\u0103\u021birea acesteia. Totodat\u0103, urm\u0103re\u0219te s\u0103 \u00eenve\u021be Prim\u0103ria s\u0103 asculte cet\u0103\u021benii \u0219i s\u0103 comunice cu ei \u00een mod eficient \u0219i constructiv. O component\u0103 esen\u021bial\u0103 a bugetului\u00a0<\/span><span style=\"font-size: 14px\">participativ este reprezentat\u0103 de \u00eent\u00e2lnirile publice \u0219i dezbaterile asupra propunerilor, care pot favoriza formarea unor noi rela\u021bii \u00eentre vecini \u0219i pot crea o atmosfer\u0103 constructiv\u0103 \u0219i pl\u0103cut\u0103 \u00een comunitate.<\/span><\/p>\n<p>&nbsp;<\/p>\n<h2><strong>C\u00e2\u0163i bani vor fi aloca\u0163i?<\/strong><\/h2>\n<p><img loading=\"lazy\" class=\"wp-image-125 alignleft\" src=\"http:\/\/bugetareparticipativa.viitorul.org\/wp-content\/uploads\/2017\/05\/INFO-rozpocet-color-300x300.jpg\" alt=\"\" width=\"191\" height=\"191\" \/><\/p>\n<p>&nbsp;<\/p>\n<p><span>Suma de bani alocat\u0103 de prim\u0103rie \u00een cadrul buget\u0103rii participative poate varia considerabil \u00een func\u021bie de resursele disponibile, priorit\u0103\u021bile locale \u0219i dimensiunea comunit\u0103\u021bii. Nu exist\u0103 o sum\u0103 standard, deoarece fiecare ora\u0219 sau localitate \u00ee\u0219i stabile\u0219te propriul buget participativ \u00een func\u021bie de nevoile \u0219i posibilit\u0103\u021bile sale, de exemplu municipiul Str\u0103\u0219eni aloc\u0103 anual 300 de mii de lei pentru bugetarea participativ\u0103.<\/span><br \/><span>\u00cen unele ora\u0219e, suma alocat\u0103 poate reprezenta o propor\u021bie semnificativ\u0103 din bugetul total al prim\u0103riei, \u00een timp ce \u00een altele poate fi mai mic\u0103 \u0219i s\u0103 fie destinat\u0103 doar unor proiecte sau ini\u021biative specifice. \u00cen general, bugetul participativ este conceput pentru a permite cet\u0103\u021benilor s\u0103 decid\u0103 asupra unei p\u0103r\u021bi din resursele publice disponibile, oferindu-le astfel o voce direct\u0103 \u00een cheltuirea banilor pentru dezvoltarea comunit\u0103\u021bii lor.<\/span><\/p>\n<p>[\/et_pb_text][et_pb_text _builder_version=&#8221;3.22.4&#8243; z_index_tablet=&#8221;500&#8243;]<\/p>\n<h1 class=\"bd-container-inner\">6 MOTIVE PENTRU IMPLEMENTAREA BUGETULUI PARTICIPATIV<\/h1>\n<div class=\"bd-container-inner\">\n<p><strong style=\"color: #333333;font-size: 26px\"><em>Bugetul participativ este adoptat cu succes \u00een str\u0103in\u0103tate \u2013 care sunt motivele pentru implementarea bugetului participativ la noi?<\/em><\/strong><\/p>\n<\/div>\n<div class=\" bd-postcontent-5 bd-tagstyles bd-custom-blockquotes\">\n<div class=\"bd-container-inner\">\n<div class=\"vc_row wpb_row vc_row-fluid\">\n<div class=\"wpb_column vc_column_container vc_col-sm-8\">\n<div class=\"vc_column-inner \">\n<div class=\"wpb_wrapper\">\n<div class=\"wpb_text_column wpb_content_element \">\n<div class=\"wpb_wrapper\">\n<ol>\n<li><strong>PERMITE CET\u0102\u0162ENILOR S\u0102 CREEZE \u00ceMPREUN\u0102 FA\u0162A VIITOARE A ORA\u015eULUI. <\/strong>Locuitorii \u015ftiu ce le lipse\u015fte \u00een localitate \u015fi ce ar trebui \u00eembun\u0103t\u0103\u0163it, av\u00e2nd posibilitatea de a contribui la luarea solu\u0163iilor.<\/li>\n<li><strong style=\"font-size: 14px\">RED\u0102 OAMENILOR \u00ceNCREDEREA \u00ceN POLITICIENI \u015eI PERMITE FUNC\u0162IONARILOR PUBLICI O COOPERARE EFICIENT\u0102 CU CET\u0102\u0162ENII. <\/strong><span style=\"font-size: 14px\">Dac\u0103 oamenii vor avea posibilitatea de a se implica constructiv \u00een dezbaterile cu Prim\u0103ria, nu vor deveni sceptici.<\/span><\/li>\n<li><strong>ESTE UN IZVOR DE IDEI NOI. <\/strong>Permite valorificarea poten\u0163ialului creativ al locuitorilor.<\/li>\n<li><strong>ARAT\u0102 C\u0102, COOPERAREA DINTRE PRIM\u0102RIE \u015eI LOCUITORI POATE DA ROADE. <\/strong>Cet\u0103\u0163enii activi vor fi ini\u0163ia\u0163i \u00een func\u0163ionarea localit\u0103\u0163ii, Prim\u0103ria va \u00eenv\u0103\u0163a s\u0103 comunice mai bine cu cet\u0103\u0163enii \u015fi s\u0103 le vin\u0103 \u00een \u00eent\u00e2mpinare.<\/li>\n<li><strong>DESCHIDE LA NIVEL COMUNITAR DIALOGUL PRIVIND INVESTI\u0162IILE CELE MAI NECESARE \u015eI CEA MAI BUN\u0102 UTILIZARE A BANILOR PUBLICI. <\/strong>Reflectarea asupra nevoilor fiec\u0103rui grup de interese \u015fi asupra dezvolt\u0103rii \u00eentregii comunit\u0103\u0163i ofer\u0103 oamenilor oportunitatea de a clasifica mai bine scara de valori \u015fi de a cre\u015fte sensibilitatea social\u0103.<\/li>\n<li><strong>APROFUNDEAZ\u0102 RELA\u0162IA CET\u0102\u0162ENILOR CU LOCUL UNDE LOCUIESC \u015eI FACE RESPONSABIL\u0102 GESTIONAREA PROPRIET\u0102\u0162ILOR COMUNE. <\/strong>Pentru realizarea fiec\u0103rui proiect, trebuie s\u0103 se identifice cu el o parte suficient de mare a comunit\u0103\u0163ii \u2013 iar con\u015ftientizarea faptului c\u0103 am decis \u201enoi\u201c, reprezint\u0103 \u015fi con\u015ftientizarea responsabilit\u0103\u0163ii pentru modul \u00een care proprietatea comun\u0103 va fi gestionat\u0103 \u00een viitor.<\/li>\n<\/ol>\n<\/div>\n<\/div>\n<\/div>\n<\/div>\n<\/div>\n<\/div>\n<\/div>\n<\/div>\n<p>[\/et_pb_text][et_pb_text _builder_version=&#8221;3.22.4&#8243; z_index_tablet=&#8221;500&#8243; inline_fonts=&#8221;Times New Roman&#8221; custom_padding=&#8221;||0px|0px||&#8221;]<\/p>\n<h1>CELE MAI FRECVENTE TEMERI<\/h1>\n<p>&nbsp;<\/p>\n<div><\/div>\n<div><\/div>\n<div class=\" bd-postcontent-5 bd-tagstyles bd-custom-blockquotes\">\n<div class=\"bd-container-inner\">\n<div class=\"vc_row wpb_row vc_row-fluid\">\n<div class=\"wpb_column vc_column_container vc_col-sm-8\">\n<div class=\"vc_column-inner \">\n<div class=\"wpb_wrapper\">\n<div class=\"wpb_text_column wpb_content_element \">\n<div class=\"wpb_wrapper\">\n<h2><strong>ACEAST\u0102 NOUTATE NU POATE FUNC\u0162IONA<\/strong><\/h2>\n<p>\u00cen lume, bugetul participativ se bucur\u0103 de succes de mai mult timp. \u00cen Republica Moldova bugetarea participativ\u0103 se implementeaz\u0103 din anul 2016, primele localit\u0103\u021bi fiind municipiul B\u0103l\u021bi \u0219i ora\u0219ul Orhei. \u00cen anii urm\u0103tori tot mai multe localit\u0103\u021bi din Republica Moldova au pus \u00een func\u021biune bugetarea participativ\u0103 \u0219i sunt un exemplu bun pentru alte localit\u0103\u021bi care au temeri \u00een aceast\u0103 privin\u021b\u0103.<\/p>\n<p><strong><\/strong><\/p>\n<h2 class=\"et_pb_toggle_title\"><strong>NU ARE ROST S\u0102 DEPUNEM PROIECTE, POLITICIENII VOR FACE TOT CE VOR EI.<\/strong><\/h2>\n<div class=\"et_pb_toggle_content clearfix\">Regulile bugetului participativ sunt clare \u2013 prim\u0103ria va aloca bani, cet\u0103\u0163enii pot depune proiectele pe care le pot discuta la \u00eent\u00e2lnirile cu vecinii \u015fi pe care ulterior le vor vota cet\u0103\u0163enii \u00een\u015fi\u015fi. Pe parcurs, Prim\u0103ria va verifica numai fezabilitatea propunerilor (de ex., dac\u0103 este vorba de terenuri municipale), iar rolul func\u0163ionarilor este de a acorda un eventual ajutor propun\u0103torilor pentru a da propunerii o form\u0103 care s\u0103 poat\u0103 fi realizat\u0103 de municipalitate. Luarea deciziei privind alegerea dintre propunerile individuale este pe deplin \u00een m\u00e2inile cet\u0103\u0163enilor.<\/div>\n<p>&nbsp;<\/p>\n<h2><strong>OAMENII NU SUNT EXPER\u0162I, NU \u015eTIU S\u0102 DECID\u0102 CORECT ASUPRA REPARTIZ\u0102RII BANILOR PUBLICI.<\/strong><\/h2>\n<\/div>\n<div class=\"wpb_wrapper\">\n<p><span>Bugetul participativ nu necesit\u0103 preg\u0103tire economic\u0103, nici o alt\u0103 preg\u0103tire de specialitate, se ocup\u0103 \u00een principal de modul \u00een care ora\u015ful poate fi \u00eembun\u0103t\u0103\u0163it (indiferent dac\u0103 este vorba de aspectul lui sau de evenimente care au\/nu au loc aici). Deci este exact invers \u2013 la urma urmei, locuitorii sunt cei mai ini\u0163ia\u0163i exper\u0163i \u00een problemele privind locul lor de re\u015fedin\u0163\u0103 \u015fi \u015ftiu cel mai bine ce le lipse\u015fte acolo.<\/span><\/p>\n<p>&nbsp;<\/p>\n<h2><strong>CE SE \u00ceNT\u00c2MPL\u0102 DAC\u0102 CINEVA VA ABUZA DE BUGETAREA PARTICIPATIV\u0102 SAU DAC\u0102 O VA \u00a0MANIPULA?<\/strong><\/h2>\n<\/div>\n<div class=\"wpb_wrapper\">\n<p>Un buget participativ bine configurat are loc \u00een mod absolut transparent \u015fi toate deciziile vor fi luate de cet\u0103\u0163enii ora\u015fului. Derularea proiectului este supravegheat\u0103 de un grup participativ alc\u0103tuit at\u00e2t din reprezentan\u0163ii prim\u0103riilor, c\u00e2t \u015fi din persoane importante ale vie\u0163ii locale, iar toate propunerile sunt disponibile publicului pe website \u015fi pe suport h\u00e2rtie.\u00a0<span style=\"font-size: 14px\">Oamenii pot verifica oric\u00e2nd ce, c\u00e2nd \u015fi cum va avea loc.<\/span><\/p>\n<p><span style=\"font-size: 14px\"><\/span><\/p>\n<\/div>\n<div class=\"wpb_wrapper\">\n<h2><strong>ORGANIZAREA BUGETULUI PARTICIPATIV VA FI PREA SCUMP\u0102 \u015eI VA NECESITA MULT TIMP.<\/strong><\/h2>\n<\/div>\n<div class=\"wpb_wrapper\">\n<p><span>Nu este adev\u0103rat c\u0103 bugetul participativ aduce cheltuieli inutile \u00een bugetul municipal. (De exemplu, \u00een ora\u015ful brazilian, Porto Alegre, bugetarea participativ\u0103 s-a implementat tocmai \u00een momentul \u00een care ora\u015ful se afla pe punctul de a intra \u00een faliment, iar Prim\u0103ria s-a adresat cet\u0103\u0163enilor pentru a decide \u00een privin\u0163a cheltuielilor pe care le consider\u0103 a fi indispensabile.)<\/span><br \/><span>Banii aloca\u0163i din bugetul local nu vor fi cheltui\u0163i pe lucruri inutile, dimpotriv\u0103, vor merge la proiectele pe care locuitorii le consider\u0103 a fi cele mai necesare. Cheltuielile asociate colect\u0103rii sugestiilor \u015fi vot\u0103rii ar trebui s\u0103 fie prevalate de beneficii \u2013 crearea unei atmosfere sociale pl\u0103cute \u015fi constructive \u00een localitate, precum \u015fi faptul c\u0103 se vor finan\u0163a realmente acele lucruri care vor \u00eemplini dorin\u0163ele \u015fi nevoile popula\u0163iei locale.<\/span><\/p>\n<h2><strong>CET\u0102\u0162ENII NU VOR FI CONSTRUCTIVI, \u015eTIU NUMAI S\u0102 \u00ceNJURE!<\/strong><\/h2>\n<p><span>Atunci c\u00e2nd oamenii nu pot schimba o anumit\u0103 situa\u0163ie, nu le r\u0103m\u00e2ne altceva de f\u0103cut dec\u00e2t s\u0103 se pl\u00e2ng\u0103. Tocmai de aceea este necesar s\u0103 oferim cet\u0103\u0163enilor posibilitatea de a participa efectiv la luarea deciziilor care privesc locul unde tr\u0103iesc. Dac\u0103 oamenii primesc o oportunitate u\u015foar\u0103 de a fi faptici, vor profita bucuro\u015fi de ea.<\/span><\/p>\n<h2><strong>PE OAMENI NU-I INTERESEAZ\u0102 BUN\u0102STAREA GENERAL\u0102, \u00ce\u015eI VOR URMA NUMAI PROPRIILE INTERESE.<\/strong><\/h2>\n<p><span>\u00cent\u00e2lnirile publice realizate \u00een procesul buget\u0103rii participative pot \u00eenchega grupuri diferite de persoane, care \u00een timpul discu\u0163iilor cu vecinii vor afla, poate pentru prima dat\u0103, despre nevoile \u015fi via\u0163a altor persoane din aceea\u015fi localitate. O parte important\u0103 a bugetului participativ este tocmai crearea unor rela\u0163ii mai bune \u00een localitate. Dac\u0103, \u00een plus, oamenii vor cunoa\u015fte nevoile altora, vor \u00eenv\u0103\u0163a s\u0103 decid\u0103 singuri care sunt priorit\u0103\u0163ile reale \u00een cazul \u00een care ora\u015ful are resurse limitate.<\/span><\/p>\n<\/div>\n<\/div>\n<\/div>\n<\/div>\n<\/div>\n<\/div>\n<\/div>\n<\/div>\n<p>[\/et_pb_text][\/et_pb_column][\/et_pb_row][\/et_pb_section][et_pb_section fb_built=&#8221;1&#8243; _builder_version=&#8221;3.22.4&#8243;][\/et_pb_section][et_pb_section fb_built=&#8221;1&#8243; _builder_version=&#8221;3.22.4&#8243;][\/et_pb_section]<\/p>\n","protected":false},"excerpt":{"rendered":"<p>[et_pb_section fb_built=&#8221;1&#8243; _builder_version=&#8221;3.22.4&#8243;][et_pb_row make_equal=&#8221;on&#8221; parallax_method_1=&#8221;off&#8221; padding_top_1=&#8221;10px&#8221; padding_right_1=&#8221;10px&#8221; padding_bottom_1=&#8221;10px&#8221; padding_left_1=&#8221;10px&#8221; admin_label=&#8221;\u0158\u00e1dek&#8221; _builder_version=&#8221;3.22.4&#8243; background_size=&#8221;initial&#8221; background_position=&#8221;top_left&#8221; background_repeat=&#8221;repeat&#8221; width_phone=&#8221;50px&#8221; max_width_phone=&#8221;1280px&#8221; module_alignment=&#8221;left&#8221; z_index_tablet=&#8221;500&#8243;][et_pb_column type=&#8221;1_6&#8243; _builder_version=&#8221;3.0.47&#8243;][et_pb_blurb title=&#8221;PASUL 1&#8243; image=&#8221;http:\/\/bugetareparticipativa.viitorul.org\/ialoveni\/wp-content\/uploads\/sites\/17\/2019\/05\/infog1.png&#8221; image_max_width=&#8221;none&#8221; admin_label=&#8221;prvn\u00ed krok&#8221; _builder_version=&#8221;3.22.4&#8243; background_size=&#8221;initial&#8221; background_position=&#8221;top_left&#8221; background_repeat=&#8221;repeat&#8221; text_orientation=&#8221;center&#8221; max_width_tablet=&#8221;50px&#8221; z_index_tablet=&#8221;500&#8243;] PRIM\u0102RIA ALOC\u0102 O PARTE DIN BUGET [\/et_pb_blurb][\/et_pb_column][et_pb_column type=&#8221;1_6&#8243; _builder_version=&#8221;3.0.47&#8243;][et_pb_blurb title=&#8221;PASUL 2&#8243; image=&#8221;http:\/\/bugetareparticipativa.viitorul.org\/ialoveni\/wp-content\/uploads\/sites\/17\/2019\/05\/infog2.png&#8221; image_max_width=&#8221;none&#8221; admin_label=&#8221;druh\u00fd krok&#8221; _builder_version=&#8221;3.22.4&#8243; background_size=&#8221;initial&#8221; background_position=&#8221;top_left&#8221; background_repeat=&#8221;repeat&#8221; text_orientation=&#8221;center&#8221; max_width_tablet=&#8221;50px&#8221; z_index_tablet=&#8221;500&#8243;] [&hellip;]<\/p>\n","protected":false},"author":1,"featured_media":0,"parent":0,"menu_order":0,"comment_status":"closed","ping_status":"closed","template":"","meta":{"_et_pb_use_builder":"on","_et_pb_old_content":""},"_links":{"self":[{"href":"https:\/\/bugetareparticipativa.viitorul.org\/ialoveni\/wp-json\/wp\/v2\/pages\/2191"}],"collection":[{"href":"https:\/\/bugetareparticipativa.viitorul.org\/ialoveni\/wp-json\/wp\/v2\/pages"}],"about":[{"href":"https:\/\/bugetareparticipativa.viitorul.org\/ialoveni\/wp-json\/wp\/v2\/types\/page"}],"author":[{"embeddable":true,"href":"https:\/\/bugetareparticipativa.viitorul.org\/ialoveni\/wp-json\/wp\/v2\/users\/1"}],"replies":[{"embeddable":true,"href":"https:\/\/bugetareparticipativa.viitorul.org\/ialoveni\/wp-json\/wp\/v2\/comments?post=2191"}],"version-history":[{"count":32,"href":"https:\/\/bugetareparticipativa.viitorul.org\/ialoveni\/wp-json\/wp\/v2\/pages\/2191\/revisions"}],"predecessor-version":[{"id":14558,"href":"https:\/\/bugetareparticipativa.viitorul.org\/ialoveni\/wp-json\/wp\/v2\/pages\/2191\/revisions\/14558"}],"wp:attachment":[{"href":"https:\/\/bugetareparticipativa.viitorul.org\/ialoveni\/wp-json\/wp\/v2\/media?parent=2191"}],"curies":[{"name":"wp","href":"https:\/\/api.w.org\/{rel}","templated":true}]}}