{"id":2833,"date":"2018-03-02T14:40:08","date_gmt":"2018-03-02T14:40:08","guid":{"rendered":"http:\/\/bugetareparticipativa.viitorul.org\/mesto1\/?page_id=2833"},"modified":"2023-09-28T15:13:01","modified_gmt":"2023-09-28T15:13:01","slug":"propuneri-depuse","status":"publish","type":"page","link":"https:\/\/bugetareparticipativa.viitorul.org\/ialoveni\/propuneri-depuse\/","title":{"rendered":"Propuneri de proiect depuse"},"content":{"rendered":"<p>[et_pb_section fb_built=&#8221;1&#8243; admin_label=&#8221;section&#8221; _builder_version=&#8221;3.22.3&#8243;][et_pb_row admin_label=&#8221;row&#8221; _builder_version=&#8221;3.22.3&#8243; background_size=&#8221;initial&#8221; background_position=&#8221;top_left&#8221; background_repeat=&#8221;repeat&#8221;][et_pb_column type=&#8221;4_4&#8243; _builder_version=&#8221;3.0.47&#8243;][et_pb_map address=&#8221;Ialoveni&#8221; zoom_level=&#8221;13&#8243; address_lat=&#8221;47.06569450000001&#8243; address_lng=&#8221;28.999603399999955&#8243; _builder_version=&#8221;3.22.4&#8243; z_index_tablet=&#8221;500&#8243;][et_pb_map_pin title=&#8221;Animalele din comunitate&#8221; pin_address=&#8221;Riegrova 769, 582 82 Gol\u010d\u016fv Jen\u00edkov, \u010cesko&#8221; pin_address_lat=&#8221;49.82102377200291&#8243; pin_address_lng=&#8221;15.480943857702641&#8243; _builder_version=&#8221;3.22.4&#8243;]<\/p>\n<p>&nbsp;<\/p>\n<p><strong>NUME<a href=\"http:\/\/bugetareparticipativa.viitorul.org\/mesto1\/wp-content\/uploads\/sites\/17\/2018\/01\/ovce.jpg\"><img loading=\"lazy\" class=\"alignleft wp-image-2790 size-thumbnail\" src=\"http:\/\/bugetareparticipativa.viitorul.org\/mesto1\/wp-content\/uploads\/sites\/17\/2018\/01\/ovce-150x150.jpg\" alt=\"\" width=\"150\" height=\"150\"><\/a>:<\/strong> Animalele din comunitate<\/p>\n<p><strong>LOCUL DESF\u0102\u0218UR\u0102RII:<\/strong> gr\u0103dina public\u0103 din sat&nbsp;<\/p>\n<p><strong>SCURT\u0102 DESCRIERE:<\/strong> XXXXX<\/p>\n<p>&nbsp;<\/p>\n<p>[\/et_pb_map_pin][\/et_pb_map][\/et_pb_column][\/et_pb_row][et_pb_row _builder_version=&#8221;3.22.3&#8243;][et_pb_column type=&#8221;4_4&#8243; _builder_version=&#8221;3.0.47&#8243;][et_pb_dpfilterable_blog fullwidth=&#8221;off&#8221; posts_number=&#8221;16&#8243; include_categories=&#8221;45,44,46&#8243; popup=&#8221;on&#8221; show_categories=&#8221;off&#8221; show_excerpt=&#8221;on&#8221; excerpt_limit=&#8221;50&#8243; show_more=&#8221;on&#8221; show_more_text=&#8221;cite\u0219te mai mult&#8221; use_overlay=&#8221;off&#8221; _builder_version=&#8221;3.22.4&#8243; z_index_tablet=&#8221;500&#8243;][\/et_pb_dpfilterable_blog][\/et_pb_column][\/et_pb_row][\/et_pb_section]<\/p>\n","protected":false},"excerpt":{"rendered":"<p>[et_pb_section fb_built=&#8221;1&#8243; admin_label=&#8221;section&#8221; _builder_version=&#8221;3.22.3&#8243;][et_pb_row admin_label=&#8221;row&#8221; _builder_version=&#8221;3.22.3&#8243; background_size=&#8221;initial&#8221; background_position=&#8221;top_left&#8221; background_repeat=&#8221;repeat&#8221;][et_pb_column type=&#8221;4_4&#8243; _builder_version=&#8221;3.0.47&#8243;][et_pb_map address=&#8221;Ialoveni&#8221; zoom_level=&#8221;13&#8243; address_lat=&#8221;47.06569450000001&#8243; address_lng=&#8221;28.999603399999955&#8243; _builder_version=&#8221;3.22.4&#8243; z_index_tablet=&#8221;500&#8243;][et_pb_map_pin title=&#8221;Animalele din comunitate&#8221; pin_address=&#8221;Riegrova 769, 582 82 Gol\u010d\u016fv Jen\u00edkov, \u010cesko&#8221; pin_address_lat=&#8221;49.82102377200291&#8243; pin_address_lng=&#8221;15.480943857702641&#8243; _builder_version=&#8221;3.22.4&#8243;] &nbsp; NUME: Animalele din comunitate LOCUL DESF\u0102\u0218UR\u0102RII: gr\u0103dina public\u0103 din sat&nbsp; SCURT\u0102 DESCRIERE: XXXXX &nbsp; [\/et_pb_map_pin][\/et_pb_map][\/et_pb_column][\/et_pb_row][et_pb_row _builder_version=&#8221;3.22.3&#8243;][et_pb_column type=&#8221;4_4&#8243; _builder_version=&#8221;3.0.47&#8243;][et_pb_dpfilterable_blog fullwidth=&#8221;off&#8221; posts_number=&#8221;16&#8243; include_categories=&#8221;45,44,46&#8243; popup=&#8221;on&#8221; show_categories=&#8221;off&#8221; show_excerpt=&#8221;on&#8221; [&hellip;]<\/p>\n","protected":false},"author":1,"featured_media":0,"parent":0,"menu_order":0,"comment_status":"closed","ping_status":"closed","template":"","meta":{"_et_pb_use_builder":"on","_et_pb_old_content":""},"_links":{"self":[{"href":"https:\/\/bugetareparticipativa.viitorul.org\/ialoveni\/wp-json\/wp\/v2\/pages\/2833"}],"collection":[{"href":"https:\/\/bugetareparticipativa.viitorul.org\/ialoveni\/wp-json\/wp\/v2\/pages"}],"about":[{"href":"https:\/\/bugetareparticipativa.viitorul.org\/ialoveni\/wp-json\/wp\/v2\/types\/page"}],"author":[{"embeddable":true,"href":"https:\/\/bugetareparticipativa.viitorul.org\/ialoveni\/wp-json\/wp\/v2\/users\/1"}],"replies":[{"embeddable":true,"href":"https:\/\/bugetareparticipativa.viitorul.org\/ialoveni\/wp-json\/wp\/v2\/comments?post=2833"}],"version-history":[{"count":82,"href":"https:\/\/bugetareparticipativa.viitorul.org\/ialoveni\/wp-json\/wp\/v2\/pages\/2833\/revisions"}],"predecessor-version":[{"id":14531,"href":"https:\/\/bugetareparticipativa.viitorul.org\/ialoveni\/wp-json\/wp\/v2\/pages\/2833\/revisions\/14531"}],"wp:attachment":[{"href":"https:\/\/bugetareparticipativa.viitorul.org\/ialoveni\/wp-json\/wp\/v2\/media?parent=2833"}],"curies":[{"name":"wp","href":"https:\/\/api.w.org\/{rel}","templated":true}]}}